


{"id":1743,"date":"2019-12-05T09:17:16","date_gmt":"2019-12-05T14:17:16","guid":{"rendered":"https:\/\/demoapus2.com\/rekon\/?page_id=1743"},"modified":"2023-11-08T19:32:03","modified_gmt":"2023-11-09T00:32:03","slug":"about-1","status":"publish","type":"page","link":"https:\/\/expoaluminiosas.com\/expoa\/about-1\/","title":{"rendered":"Nosotros"},"content":{"rendered":"\t\t<div data-elementor-type=\"wp-page\" data-elementor-id=\"1743\" class=\"elementor elementor-1743\">\n\t\t\t\t\t\t\t\t\t<section class=\"elementor-section elementor-top-section elementor-element elementor-element-62f68b5 elementor-section-stretched elementor-section-boxed elementor-section-height-default elementor-section-height-default\" data-id=\"62f68b5\" data-element_type=\"section\" data-settings=\"{&quot;stretch_section&quot;:&quot;section-stretched&quot;}\">\n\t\t\t\t\t\t<div class=\"elementor-container elementor-column-gap-extended\">\n\t\t\t\t\t<div class=\"elementor-column elementor-col-100 elementor-top-column elementor-element elementor-element-d88d9fc\" data-id=\"d88d9fc\" data-element_type=\"column\">\n\t\t\t<div class=\"elementor-widget-wrap elementor-element-populated\">\n\t\t\t\t\t\t\t\t<div class=\"elementor-element elementor-element-2c75355 elementor-widget elementor-widget-apus_element_heading\" data-id=\"2c75355\" data-element_type=\"widget\" data-widget_type=\"apus_element_heading.default\">\n\t\t\t\t<div class=\"elementor-widget-container\">\n\t\t\t<div class=\"apus-heading l-center \"><h2 class=\"heading-title\"><span>\u00bfQui\u00e9nes Somos?<\/span><\/h2><div class=\"wt-separator-outer\">\n                            <div class=\"wt-separator\">\n                                <span class=\"separator-left bg-theme\"><\/span>\n                                <span class=\"separator-right bg-theme\"><\/span>\n                            <\/div>\n                        <\/div><div class=\"sub\"><div class=\"sub-title-inside\">En Expoaluminio, nos dedicamos a la comercializaci\u00f3n de accesorios para ventaner\u00eda, puertas de aluminio y accesorios para cristal. Tambi\u00e9n brindamos asistencia t\u00e9cnica para solucionar dificultades en el desarrollo de proyectos, ofreciendo una asesor\u00eda personalizada.\u200b<\/div><\/div><\/div>\t\t<\/div>\n\t\t\t\t<\/div>\n\t\t\t\t\t<\/div>\n\t\t<\/div>\n\t\t\t\t\t\t\t<\/div>\n\t\t<\/section>\n\t\t\t\t<section class=\"elementor-section elementor-top-section elementor-element elementor-element-5d38cf0 elementor-section-stretched elementor-section-boxed elementor-section-height-default elementor-section-height-default\" data-id=\"5d38cf0\" data-element_type=\"section\" data-settings=\"{&quot;stretch_section&quot;:&quot;section-stretched&quot;}\">\n\t\t\t\t\t\t<div class=\"elementor-container elementor-column-gap-extended\">\n\t\t\t\t\t<div class=\"elementor-column elementor-col-50 elementor-top-column elementor-element elementor-element-969133f\" data-id=\"969133f\" data-element_type=\"column\">\n\t\t\t<div class=\"elementor-widget-wrap elementor-element-populated\">\n\t\t\t\t\t\t\t\t<div class=\"elementor-element elementor-element-bf36681 elementor-widget__width-initial elementor-widget-tablet__width-initial elementor-widget elementor-widget-apus_element_banner\" data-id=\"bf36681\" data-element_type=\"widget\" data-widget_type=\"apus_element_banner.default\">\n\t\t\t\t<div class=\"elementor-widget-container\">\n\t\t\t        <div class=\"widget-banner  style2\">\n                            <div class=\"banner-image-bg\" style=\"background-image:url(https:\/\/expoaluminiosas.com\/expoa\/wp-content\/uploads\/2020\/01\/about-banner-01-1.jpg)\"><\/div>                   \n            \n            <div class=\"widget-banner-inner \">\n                                <div class=\"widget-banner-content\">\n                                    <\/div>\n                            <\/div>\n        <\/div>\n        \t\t<\/div>\n\t\t\t\t<\/div>\n\t\t\t\t<div class=\"elementor-element elementor-element-2924e31 elementor-widget__width-initial elementor-widget-tablet__width-initial elementor-widget elementor-widget-apus_element_banner\" data-id=\"2924e31\" data-element_type=\"widget\" data-widget_type=\"apus_element_banner.default\">\n\t\t\t\t<div class=\"elementor-widget-container\">\n\t\t\t        <div class=\"widget-banner  style2\">\n                            <div class=\"banner-image-bg\" style=\"background-image:url(https:\/\/expoaluminiosas.com\/expoa\/wp-content\/uploads\/2020\/01\/about-banner-02-1.jpg)\"><\/div>                   \n            \n            <div class=\"widget-banner-inner \">\n                                <div class=\"widget-banner-content\">\n                                    <\/div>\n                            <\/div>\n        <\/div>\n        \t\t<\/div>\n\t\t\t\t<\/div>\n\t\t\t\t\t<\/div>\n\t\t<\/div>\n\t\t\t\t<div class=\"elementor-column elementor-col-50 elementor-top-column elementor-element elementor-element-1058d42\" data-id=\"1058d42\" data-element_type=\"column\">\n\t\t\t<div class=\"elementor-widget-wrap elementor-element-populated\">\n\t\t\t\t\t\t\t\t<div class=\"elementor-element elementor-element-3bbd28b elementor-widget elementor-widget-heading\" data-id=\"3bbd28b\" data-element_type=\"widget\" data-widget_type=\"heading.default\">\n\t\t\t\t<div class=\"elementor-widget-container\">\n\t\t\t<style>\/*! elementor - v3.14.0 - 26-06-2023 *\/\n.elementor-heading-title{padding:0;margin:0;line-height:1}.elementor-widget-heading .elementor-heading-title[class*=elementor-size-]>a{color:inherit;font-size:inherit;line-height:inherit}.elementor-widget-heading .elementor-heading-title.elementor-size-small{font-size:15px}.elementor-widget-heading .elementor-heading-title.elementor-size-medium{font-size:19px}.elementor-widget-heading .elementor-heading-title.elementor-size-large{font-size:29px}.elementor-widget-heading .elementor-heading-title.elementor-size-xl{font-size:39px}.elementor-widget-heading .elementor-heading-title.elementor-size-xxl{font-size:59px}<\/style><h2 class=\"elementor-heading-title elementor-size-default\">Nuestros Valores<\/h2>\t\t<\/div>\n\t\t\t\t<\/div>\n\t\t\t\t<div class=\"elementor-element elementor-element-626b00d elementor-widget elementor-widget-heading\" data-id=\"626b00d\" data-element_type=\"widget\" data-widget_type=\"heading.default\">\n\t\t\t\t<div class=\"elementor-widget-container\">\n\t\t\t<p class=\"elementor-heading-title elementor-size-default\">En Expoaluminio SAS, somos reconocidos en el mercado por brindar soluciones a nuestros clientes, contando con el apoyo de nuestros proveedores. En nuestra compa\u00f1\u00eda, destacamos valores fundamentales como la disciplina, confiabilidad, perseverancia y la constante actualizaci\u00f3n de conocimientos, lo que nos permite mantenernos a la vanguardia del mercado.<\/p>\t\t<\/div>\n\t\t\t\t<\/div>\n\t\t\t\t<div class=\"elementor-element elementor-element-3e898c8 elementor-widget elementor-widget-heading\" data-id=\"3e898c8\" data-element_type=\"widget\" data-widget_type=\"heading.default\">\n\t\t\t\t<div class=\"elementor-widget-container\">\n\t\t\t<h2 class=\"elementor-heading-title elementor-size-default\">Nuestra Misi\u00f3n<\/h2>\t\t<\/div>\n\t\t\t\t<\/div>\n\t\t\t\t<div class=\"elementor-element elementor-element-a55c9fb elementor-widget elementor-widget-heading\" data-id=\"a55c9fb\" data-element_type=\"widget\" data-widget_type=\"heading.default\">\n\t\t\t\t<div class=\"elementor-widget-container\">\n\t\t\t<p class=\"elementor-heading-title elementor-size-default\">Nuestra misi\u00f3n es proveer accesorios de excelente calidad, garantizando confiabilidad, precio justo y ofreciendo asesor\u00eda t\u00e9cnica para el beneficio y desarrollo de nuestros clientes<\/p>\t\t<\/div>\n\t\t\t\t<\/div>\n\t\t\t\t<div class=\"elementor-element elementor-element-15bdbdf elementor-widget elementor-widget-heading\" data-id=\"15bdbdf\" data-element_type=\"widget\" data-widget_type=\"heading.default\">\n\t\t\t\t<div class=\"elementor-widget-container\">\n\t\t\t<h2 class=\"elementor-heading-title elementor-size-default\">Nuestra Visi\u00f3n<\/h2>\t\t<\/div>\n\t\t\t\t<\/div>\n\t\t\t\t<div class=\"elementor-element elementor-element-c427ff4 elementor-widget elementor-widget-heading\" data-id=\"c427ff4\" data-element_type=\"widget\" data-widget_type=\"heading.default\">\n\t\t\t\t<div class=\"elementor-widget-container\">\n\t\t\t<p class=\"elementor-heading-title elementor-size-default\">Nos proyectamos como l\u00edderes en el mercado de la distribuci\u00f3n de accesorios para ventaner\u00eda, puertas y accesorios para cristal. Nos esforzamos por ofrecer productos de calidad y confiabilidad, desarrollados e importados por nuestros proveedores para los sistemas comerciales de nuestro pa\u00eds. Adem\u00e1s, trabajamos en la creaci\u00f3n de productos diferenciados y nos enfocamos en brindar una atenci\u00f3n al cliente excelente. <\/p>\t\t<\/div>\n\t\t\t\t<\/div>\n\t\t\t\t\t<\/div>\n\t\t<\/div>\n\t\t\t\t\t\t\t<\/div>\n\t\t<\/section>\n\t\t\t\t<section class=\"elementor-section elementor-top-section elementor-element elementor-element-c892b4f elementor-section-stretched elementor-section-boxed elementor-section-height-default elementor-section-height-default\" data-id=\"c892b4f\" data-element_type=\"section\" data-settings=\"{&quot;stretch_section&quot;:&quot;section-stretched&quot;,&quot;background_background&quot;:&quot;classic&quot;}\">\n\t\t\t\t\t\t<div class=\"elementor-container elementor-column-gap-extended\">\n\t\t\t\t\t<div class=\"elementor-column elementor-col-100 elementor-top-column elementor-element elementor-element-05dbef6\" data-id=\"05dbef6\" data-element_type=\"column\" data-settings=\"{&quot;background_background&quot;:&quot;classic&quot;}\">\n\t\t\t<div class=\"elementor-widget-wrap elementor-element-populated\">\n\t\t\t\t\t\t\t\t<div class=\"elementor-element elementor-element-c025219 elementor-widget elementor-widget-apus_element_heading\" data-id=\"c025219\" data-element_type=\"widget\" data-widget_type=\"apus_element_heading.default\">\n\t\t\t\t<div class=\"elementor-widget-container\">\n\t\t\t<div class=\"apus-heading l-center \"><h2 class=\"heading-title\"><span>Nuestro Equipo<\/span><\/h2><div class=\"wt-separator-outer\">\n                            <div class=\"wt-separator\">\n                                <span class=\"separator-left bg-theme\"><\/span>\n                                <span class=\"separator-right bg-theme\"><\/span>\n                            <\/div>\n                        <\/div><div class=\"sub\"><div class=\"sub-title-inside\">En Expoaluminio, nuestro equipo siempre est\u00e1 disponible para ayudarlo a cumplir sus metas y proyectos. Estamos comprometidos en brindar un apoyo integral, superando sus expectativas y priorizando su satisfacci\u00f3n. Juntos, alcanzaremos el \u00e9xito deseado.<\/div><\/div><\/div>\t\t<\/div>\n\t\t\t\t<\/div>\n\t\t\t\t<div class=\"elementor-element elementor-element-895c1c1 elementor-widget elementor-widget-apus_element_teams\" data-id=\"895c1c1\" data-element_type=\"widget\" data-widget_type=\"apus_element_teams.default\">\n\t\t\t\t<div class=\"elementor-widget-container\">\n\t\t\t            <div class=\"widget-teams grid \">\n                <div class=\"widget-content\">\n\n                                                                    <div class=\"layout-team style-grid\">\n                            <div class=\"row\">\n                                                                    <div class=\"col-md-4 col-sm-6 col-xs-12\">\n                                        <article class=\"team-style post-964 team type-team status-publish has-post-thumbnail hentry\">\t\n\t\t\t<div class=\"team-image\">\n\t\t\t<a class=\"post-thumbnail\" href=\"https:\/\/expoaluminiosas.com\/expoa\/team\/deb-marlowe\/\" aria-hidden=\"true\">\n\t\t\t\t<img loading=\"lazy\" decoding=\"async\" width=\"240\" height=\"300\" src=\"https:\/\/expoaluminiosas.com\/expoa\/wp-content\/uploads\/2019\/11\/Kevin-Reina-1-240x300.jpg\" class=\"attachment-medium size-medium wp-post-image\" alt=\"Kevin Reina\" srcset=\"https:\/\/expoaluminiosas.com\/expoa\/wp-content\/uploads\/2019\/11\/Kevin-Reina-1-240x300.jpg 240w, https:\/\/expoaluminiosas.com\/expoa\/wp-content\/uploads\/2019\/11\/Kevin-Reina-1-819x1024.jpg 819w, https:\/\/expoaluminiosas.com\/expoa\/wp-content\/uploads\/2019\/11\/Kevin-Reina-1-768x960.jpg 768w, https:\/\/expoaluminiosas.com\/expoa\/wp-content\/uploads\/2019\/11\/Kevin-Reina-1-1229x1536.jpg 1229w, https:\/\/expoaluminiosas.com\/expoa\/wp-content\/uploads\/2019\/11\/Kevin-Reina-1-460x575.jpg 460w, https:\/\/expoaluminiosas.com\/expoa\/wp-content\/uploads\/2019\/11\/Kevin-Reina-1-1320x1650.jpg 1320w, https:\/\/expoaluminiosas.com\/expoa\/wp-content\/uploads\/2019\/11\/Kevin-Reina-1-600x750.jpg 600w, https:\/\/expoaluminiosas.com\/expoa\/wp-content\/uploads\/2019\/11\/Kevin-Reina-1.jpg 1600w\" sizes=\"auto, (max-width: 240px) 100vw, 240px\" \/>\t\t\t<\/a>\n\t\t<\/div>\n\t\t<div class=\"content\">\n\t\t<div class=\"team-content-info\">\n\t\t\t<h3 class=\"name-team\"><a href=\"https:\/\/expoaluminiosas.com\/expoa\/team\/deb-marlowe\/\" rel=\"bookmark\">Kevin Reina<\/a><\/h3>\t\t\n\t\t\t\t\t\t\t<div class=\"team-job\">Asesor comercial<\/div>\n\t\t\t\t\t<\/div>\n\n\t\t\t\t    <div class=\"social-info\">\n\t\t        <ul class=\"social\">\n\t\t            \t\t            \t\t        <\/ul>\n\t\t    <\/div>\n\t    \t<\/div>\n<\/article>                                    <\/div>\n                                                                    <div class=\"col-md-4 col-sm-6 col-xs-12\">\n                                        <article class=\"team-style post-963 team type-team status-publish has-post-thumbnail hentry\">\t\n\t\t\t<div class=\"team-image\">\n\t\t\t<a class=\"post-thumbnail\" href=\"https:\/\/expoaluminiosas.com\/expoa\/team\/kurt-boone\/\" aria-hidden=\"true\">\n\t\t\t\t<img loading=\"lazy\" decoding=\"async\" width=\"240\" height=\"300\" src=\"https:\/\/expoaluminiosas.com\/expoa\/wp-content\/uploads\/2019\/11\/Esperanza-Alvarado-1-240x300.jpg\" class=\"attachment-medium size-medium wp-post-image\" alt=\"Esperanza Alvarado\" srcset=\"https:\/\/expoaluminiosas.com\/expoa\/wp-content\/uploads\/2019\/11\/Esperanza-Alvarado-1-240x300.jpg 240w, https:\/\/expoaluminiosas.com\/expoa\/wp-content\/uploads\/2019\/11\/Esperanza-Alvarado-1-819x1024.jpg 819w, https:\/\/expoaluminiosas.com\/expoa\/wp-content\/uploads\/2019\/11\/Esperanza-Alvarado-1-768x960.jpg 768w, https:\/\/expoaluminiosas.com\/expoa\/wp-content\/uploads\/2019\/11\/Esperanza-Alvarado-1-1229x1536.jpg 1229w, https:\/\/expoaluminiosas.com\/expoa\/wp-content\/uploads\/2019\/11\/Esperanza-Alvarado-1-460x575.jpg 460w, https:\/\/expoaluminiosas.com\/expoa\/wp-content\/uploads\/2019\/11\/Esperanza-Alvarado-1-1320x1650.jpg 1320w, https:\/\/expoaluminiosas.com\/expoa\/wp-content\/uploads\/2019\/11\/Esperanza-Alvarado-1-600x750.jpg 600w, https:\/\/expoaluminiosas.com\/expoa\/wp-content\/uploads\/2019\/11\/Esperanza-Alvarado-1.jpg 1600w\" sizes=\"auto, (max-width: 240px) 100vw, 240px\" \/>\t\t\t<\/a>\n\t\t<\/div>\n\t\t<div class=\"content\">\n\t\t<div class=\"team-content-info\">\n\t\t\t<h3 class=\"name-team\"><a href=\"https:\/\/expoaluminiosas.com\/expoa\/team\/kurt-boone\/\" rel=\"bookmark\">Esperanza Alvarado<\/a><\/h3>\t\t\n\t\t\t\t\t\t\t<div class=\"team-job\">Administradora<\/div>\n\t\t\t\t\t<\/div>\n\n\t\t\t\t    <div class=\"social-info\">\n\t\t        <ul class=\"social\">\n\t\t            \t\t            \t\t        <\/ul>\n\t\t    <\/div>\n\t    \t<\/div>\n<\/article>                                    <\/div>\n                                                                    <div class=\"col-md-4 col-sm-6 col-xs-12\">\n                                        <article class=\"team-style post-962 team type-team status-publish has-post-thumbnail hentry\">\t\n\t\t\t<div class=\"team-image\">\n\t\t\t<a class=\"post-thumbnail\" href=\"https:\/\/expoaluminiosas.com\/expoa\/team\/muriel-barbery\/\" aria-hidden=\"true\">\n\t\t\t\t<img loading=\"lazy\" decoding=\"async\" width=\"240\" height=\"300\" src=\"https:\/\/expoaluminiosas.com\/expoa\/wp-content\/uploads\/2019\/11\/Jesus-Castro-1-240x300.jpg\" class=\"attachment-medium size-medium wp-post-image\" alt=\"Jes\u00fas Castro\" srcset=\"https:\/\/expoaluminiosas.com\/expoa\/wp-content\/uploads\/2019\/11\/Jesus-Castro-1-240x300.jpg 240w, https:\/\/expoaluminiosas.com\/expoa\/wp-content\/uploads\/2019\/11\/Jesus-Castro-1-819x1024.jpg 819w, https:\/\/expoaluminiosas.com\/expoa\/wp-content\/uploads\/2019\/11\/Jesus-Castro-1-768x960.jpg 768w, https:\/\/expoaluminiosas.com\/expoa\/wp-content\/uploads\/2019\/11\/Jesus-Castro-1-1229x1536.jpg 1229w, https:\/\/expoaluminiosas.com\/expoa\/wp-content\/uploads\/2019\/11\/Jesus-Castro-1-460x575.jpg 460w, https:\/\/expoaluminiosas.com\/expoa\/wp-content\/uploads\/2019\/11\/Jesus-Castro-1-1320x1650.jpg 1320w, https:\/\/expoaluminiosas.com\/expoa\/wp-content\/uploads\/2019\/11\/Jesus-Castro-1-600x750.jpg 600w, https:\/\/expoaluminiosas.com\/expoa\/wp-content\/uploads\/2019\/11\/Jesus-Castro-1.jpg 1600w\" sizes=\"auto, (max-width: 240px) 100vw, 240px\" \/>\t\t\t<\/a>\n\t\t<\/div>\n\t\t<div class=\"content\">\n\t\t<div class=\"team-content-info\">\n\t\t\t<h3 class=\"name-team\"><a href=\"https:\/\/expoaluminiosas.com\/expoa\/team\/muriel-barbery\/\" rel=\"bookmark\">Jes\u00fas Castro<\/a><\/h3>\t\t\n\t\t\t\t\t\t\t<div class=\"team-job\">Bodega<\/div>\n\t\t\t\t\t<\/div>\n\n\t\t\t\t    <div class=\"social-info\">\n\t\t        <ul class=\"social\">\n\t\t            \t\t            \t\t        <\/ul>\n\t\t    <\/div>\n\t    \t<\/div>\n<\/article>                                    <\/div>\n                                                                    <div class=\"col-md-4 col-sm-6 col-xs-12\">\n                                        <article class=\"team-style post-959 team type-team status-publish has-post-thumbnail hentry\">\t\n\t\t\t<div class=\"team-image\">\n\t\t\t<a class=\"post-thumbnail\" href=\"https:\/\/expoaluminiosas.com\/expoa\/team\/onyeka\/\" aria-hidden=\"true\">\n\t\t\t\t<img loading=\"lazy\" decoding=\"async\" width=\"240\" height=\"300\" src=\"https:\/\/expoaluminiosas.com\/expoa\/wp-content\/uploads\/2019\/11\/Leydi-Galeano-1-240x300.jpg\" class=\"attachment-medium size-medium wp-post-image\" alt=\"Leydi Galeano\" srcset=\"https:\/\/expoaluminiosas.com\/expoa\/wp-content\/uploads\/2019\/11\/Leydi-Galeano-1-240x300.jpg 240w, https:\/\/expoaluminiosas.com\/expoa\/wp-content\/uploads\/2019\/11\/Leydi-Galeano-1-819x1024.jpg 819w, https:\/\/expoaluminiosas.com\/expoa\/wp-content\/uploads\/2019\/11\/Leydi-Galeano-1-768x960.jpg 768w, https:\/\/expoaluminiosas.com\/expoa\/wp-content\/uploads\/2019\/11\/Leydi-Galeano-1-1229x1536.jpg 1229w, https:\/\/expoaluminiosas.com\/expoa\/wp-content\/uploads\/2019\/11\/Leydi-Galeano-1-460x575.jpg 460w, https:\/\/expoaluminiosas.com\/expoa\/wp-content\/uploads\/2019\/11\/Leydi-Galeano-1-1320x1650.jpg 1320w, https:\/\/expoaluminiosas.com\/expoa\/wp-content\/uploads\/2019\/11\/Leydi-Galeano-1-600x750.jpg 600w, https:\/\/expoaluminiosas.com\/expoa\/wp-content\/uploads\/2019\/11\/Leydi-Galeano-1.jpg 1600w\" sizes=\"auto, (max-width: 240px) 100vw, 240px\" \/>\t\t\t<\/a>\n\t\t<\/div>\n\t\t<div class=\"content\">\n\t\t<div class=\"team-content-info\">\n\t\t\t<h3 class=\"name-team\"><a href=\"https:\/\/expoaluminiosas.com\/expoa\/team\/onyeka\/\" rel=\"bookmark\">Leydi Galeano<\/a><\/h3>\t\t\n\t\t\t\t\t\t\t<div class=\"team-job\">Auxiliar administrativo<\/div>\n\t\t\t\t\t<\/div>\n\n\t\t\t\t    <div class=\"social-info\">\n\t\t        <ul class=\"social\">\n\t\t            \t\t            \t\t        <\/ul>\n\t\t    <\/div>\n\t    \t<\/div>\n<\/article>                                    <\/div>\n                                                            <\/div>\n                        <\/div>\n                                                        <\/div>\n            <\/div>\n            \t\t<\/div>\n\t\t\t\t<\/div>\n\t\t\t\t\t<\/div>\n\t\t<\/div>\n\t\t\t\t\t\t\t<\/div>\n\t\t<\/section>\n\t\t\t\t\t\t\t<\/div>\n\t\t","protected":false},"excerpt":{"rendered":"<p>\u00bfQui\u00e9nes Somos? En Expoaluminio, nos dedicamos a la comercializaci\u00f3n de accesorios para ventaner\u00eda, puertas de aluminio y accesorios para cristal. Tambi\u00e9n brindamos asistencia t\u00e9cnica para solucionar dificultades en el desarrollo de proyectos, ofreciendo una asesor\u00eda personalizada.\u200b Nuestros Valores En Expoaluminio SAS, somos reconocidos en el mercado por brindar soluciones a nuestros clientes, contando con el &hellip; <br \/><a href=\"https:\/\/expoaluminiosas.com\/expoa\/team\/onyeka\/\" class=\"more-link\">Continue reading <span class=\"screen-reader-text\">Leydi Galeano<\/span><\/a><\/p>\n","protected":false},"author":1,"featured_media":0,"parent":0,"menu_order":0,"comment_status":"closed","ping_status":"closed","template":"","meta":{"footnotes":""},"class_list":["post-1743","page","type-page","status-publish","hentry"],"_links":{"self":[{"href":"https:\/\/expoaluminiosas.com\/expoa\/wp-json\/wp\/v2\/pages\/1743","targetHints":{"allow":["GET"]}}],"collection":[{"href":"https:\/\/expoaluminiosas.com\/expoa\/wp-json\/wp\/v2\/pages"}],"about":[{"href":"https:\/\/expoaluminiosas.com\/expoa\/wp-json\/wp\/v2\/types\/page"}],"author":[{"embeddable":true,"href":"https:\/\/expoaluminiosas.com\/expoa\/wp-json\/wp\/v2\/users\/1"}],"replies":[{"embeddable":true,"href":"https:\/\/expoaluminiosas.com\/expoa\/wp-json\/wp\/v2\/comments?post=1743"}],"version-history":[{"count":46,"href":"https:\/\/expoaluminiosas.com\/expoa\/wp-json\/wp\/v2\/pages\/1743\/revisions"}],"predecessor-version":[{"id":13611,"href":"https:\/\/expoaluminiosas.com\/expoa\/wp-json\/wp\/v2\/pages\/1743\/revisions\/13611"}],"wp:attachment":[{"href":"https:\/\/expoaluminiosas.com\/expoa\/wp-json\/wp\/v2\/media?parent=1743"}],"curies":[{"name":"wp","href":"https:\/\/api.w.org\/{rel}","templated":true}]}}