


{"id":3999,"date":"2019-11-07T09:32:05","date_gmt":"2019-11-07T09:32:05","guid":{"rendered":"https:\/\/demoapus2.com\/rekon\/?page_id=6"},"modified":"2024-03-08T11:06:57","modified_gmt":"2024-03-08T16:06:57","slug":"home","status":"publish","type":"page","link":"https:\/\/expoaluminiosas.com\/expoa\/","title":{"rendered":"Home"},"content":{"rendered":"\t\t<div data-elementor-type=\"wp-post\" data-elementor-id=\"3999\" class=\"elementor elementor-3999\">\n\t\t\t\t\t\t\t\t\t<section class=\"elementor-section elementor-top-section elementor-element elementor-element-46de96ea elementor-section-boxed elementor-section-height-default elementor-section-height-default\" data-id=\"46de96ea\" data-element_type=\"section\">\n\t\t\t\t\t\t<div class=\"elementor-container elementor-column-gap-default\">\n\t\t\t\t\t<div class=\"elementor-column elementor-col-100 elementor-top-column elementor-element elementor-element-23583d73\" data-id=\"23583d73\" data-element_type=\"column\">\n\t\t\t<div class=\"elementor-widget-wrap elementor-element-populated\">\n\t\t\t\t\t\t\t\t<div class=\"elementor-element elementor-element-3164d529 elementor-widget elementor-widget-text-editor\" data-id=\"3164d529\" data-element_type=\"widget\" data-widget_type=\"text-editor.default\">\n\t\t\t\t<div class=\"elementor-widget-container\">\n\t\t\t<style>\/*! elementor - v3.14.0 - 26-06-2023 *\/\n.elementor-widget-text-editor.elementor-drop-cap-view-stacked .elementor-drop-cap{background-color:#69727d;color:#fff}.elementor-widget-text-editor.elementor-drop-cap-view-framed .elementor-drop-cap{color:#69727d;border:3px solid;background-color:transparent}.elementor-widget-text-editor:not(.elementor-drop-cap-view-default) .elementor-drop-cap{margin-top:8px}.elementor-widget-text-editor:not(.elementor-drop-cap-view-default) .elementor-drop-cap-letter{width:1em;height:1em}.elementor-widget-text-editor .elementor-drop-cap{float:left;text-align:center;line-height:1;font-size:50px}.elementor-widget-text-editor .elementor-drop-cap-letter{display:inline-block}<\/style>\t\t\t\t<p><!-- START Slider 1 REVOLUTION SLIDER 6.6.10 --><\/p><p><img loading=\"lazy\" decoding=\"async\" class=\"aligncenter\" title=\"Female consumer buying wallpapers, hardware store\" src=\"\/\/expoaluminiosas.com\/expoa\/wp-content\/uploads\/2023\/06\/header-1.jpg\" alt=\"\" width=\"2000\" height=\"1335\" data-no-retina=\"\" \/><br \/><!-- --><br \/><!-- -->Haz realidad tus ideas con Expoaluminio<br \/><!-- --><a id=\"slider-6-slide-9-layer-9\" class=\"rs-layer rev-btn\" style=\"z-index: 7; background-color: #007aff; font-family: 'Roboto';\" href=\"https:\/\/expoaluminiosas.com\/expoa\/tienda1\/\" target=\"_self\" rel=\"noopener\" data-type=\"button\" data-color=\"#ffffff\" data-rsp_ch=\"on\" data-xy=\"x:70px;y:540px;\" data-text=\"w:normal;s:18;l:50;fw:500;\" data-dim=\"minh:0px;\" data-padding=\"r:40;l:40;\" data-border=\"bor:3px,3px,3px,3px;\" data-frame_999=\"o:0;st:w;\" data-frame_hover=\"bgc:#007aff;bor:3px,3px,3px,3px;sp:100;e:power1.inOut;bri:120%;\">Conoce la Tienda<br \/><\/a><!-- --><a id=\"slider-6-slide-9-layer-10\" class=\"rs-layer rev-btn\" style=\"z-index: 7; background-color: #ffffff; font-family: 'Roboto';\" href=\"https:\/\/expoaluminiosas.com\/expoa\/about-1\/\" target=\"_self\" rel=\"noopener\" data-type=\"button\" data-color=\"#000000\" data-rsp_ch=\"on\" data-xy=\"x:310px;y:541px;\" data-text=\"w:normal;s:18;l:50;fw:500;\" data-dim=\"minh:0px;\" data-padding=\"r:40;l:40;\" data-border=\"bor:3px,3px,3px,3px;\" data-frame_999=\"o:0;st:w;\" data-frame_hover=\"c:#fff;bgc:#007aff;bor:3px,3px,3px,3px;sp:100;e:power1.inOut;bri:120%;\">Conocenos<br \/><\/a><!-- --><\/p><p><img loading=\"lazy\" decoding=\"async\" title=\"a man in a construction hypermarket chose an ax for cutting trees\" src=\"\/\/expoaluminiosas.com\/expoa\/wp-content\/uploads\/2023\/06\/header-2.jpg\" alt=\"\" width=\"2000\" height=\"1333\" data-no-retina=\"\" \/><br \/><!-- --><br \/><!-- -->Expoaluminio: Expertos en herramientas y materiales para tus proyectos.<br \/><!-- --><a id=\"slider-6-slide-10-layer-6\" class=\"rs-layer rev-btn\" style=\"z-index: 7; background-color: #007aff; font-family: 'Roboto';\" href=\"https:\/\/expoaluminiosas.com\/expoa\/tienda1\/\" target=\"_self\" rel=\"noopener\" data-type=\"button\" data-color=\"#ffffff\" data-rsp_ch=\"on\" data-xy=\"x:88px;y:541px;\" data-text=\"w:normal;s:18;l:50;fw:500;\" data-dim=\"minh:0px;\" data-padding=\"r:40;l:40;\" data-border=\"bor:3px,3px,3px,3px;\" data-frame_999=\"o:0;st:w;\" data-frame_hover=\"bgc:#007aff;bor:3px,3px,3px,3px;sp:100;e:power1.inOut;bri:120%;\">Conoce la Tienda<br \/><\/a><!-- --><a id=\"slider-6-slide-10-layer-8\" class=\"rs-layer rev-btn\" style=\"z-index: 8; background-color: #ffffff; font-family: 'Roboto';\" href=\"https:\/\/expoaluminiosas.com\/expoa\/about-1\/\" target=\"_self\" rel=\"noopener\" data-type=\"button\" data-color=\"#0c0c0c\" data-rsp_ch=\"on\" data-xy=\"x:330px;y:542px;\" data-text=\"w:normal;s:17;l:40;fw:500;a:center;\" data-dim=\"w:171px;h:47px;minh:0px;\" data-padding=\"t:4;r:25;l:25;\" data-frame_999=\"o:0;st:w;\" data-frame_hover=\"c:#fff;bgc:#007aff;bor:0px,0px,0px,0px;bri:120%;\">Conocenos<br \/><\/a><!-- --><\/p><p><!-- END REVOLUTION SLIDER --><\/p><p><style>\/*! elementor - v3.14.0 - 26-06-2023 *\/<br \/>.elementor-heading-title{padding:0;margin:0;line-height:1}.elementor-widget-heading .elementor-heading-title[class*=elementor-size-]>a{color:inherit;font-size:inherit;line-height:inherit}.elementor-widget-heading .elementor-heading-title.elementor-size-small{font-size:15px}.elementor-widget-heading .elementor-heading-title.elementor-size-medium{font-size:19px}.elementor-widget-heading .elementor-heading-title.elementor-size-large{font-size:29px}.elementor-widget-heading .elementor-heading-title.elementor-size-xl{font-size:39px}.elementor-widget-heading .elementor-heading-title.elementor-size-xxl{font-size:59px}<\/style><\/p><h3>Nuestra Compa\u00f1\u00eda<\/h3><p>Descubre Expoaluminio, tu soluci\u00f3n l\u00edder en accesorios de ventaner\u00eda, cristaler\u00eda, herramientas y art\u00edculos de ferreter\u00eda. Con un enfoque en satisfacer las necesidades de nuestros clientes, nos hemos convertido en la respuesta completa para el \u00e1rea del aluminio, vidrio y proyectos de construcci\u00f3n. Desde nuestra fundaci\u00f3n en junio de 2018, ofrecemos una amplia gama de productos de alta calidad respaldados por un s\u00f3lido soporte t\u00e9cnico y capacitaci\u00f3n.<\/p><p>Trabajamos de la mano de proveedores nacionales e internacionales para estar a la vanguardia, brindando soluciones innovadoras que superen las expectativas de nuestros clientes. \u00danete a Expoaluminio y descubre una experiencia incomparable en proyectos de ventaner\u00eda, cristaler\u00eda y construcci\u00f3n, as\u00ed como una selecci\u00f3n completa de herramientas y art\u00edculos de ferreter\u00eda para todas tus necesidades.<\/p><h2>Proyectos<\/h2><p>En Expoaluminio, nos enorgullece colaborar con nuestros clientes en cada proyecto. Nos apasiona brindar soluciones personalizadas y trabajar en estrecha alianza. Juntos, creamos resultados excepcionales y construimos un futuro exitoso. Gracias por confiar en nosotros como su socio de confianza en cada desaf\u00edo.<\/p><h2>Nuestros Servicios<\/h2><p>L\u00edder en accesorios de ventaner\u00eda, cristaler\u00eda, herramientas y art\u00edculos de ferreter\u00eda. Ofrecemos soluciones integrales, calidad y respaldo t\u00e9cnico para proyectos de construcci\u00f3n. Satisfacemos las necesidades de nuestros clientes con excelencia y variedad de productos.<\/p><article><a href=\"https:\/\/expoaluminiosas.com\/expoa\/project\/wood-framed-2\/\" aria-hidden=\"true\"><br \/><img loading=\"lazy\" decoding=\"async\" src=\"https:\/\/expoaluminiosas.com\/expoa\/wp-content\/uploads\/2019\/11\/1.PROYECTO-CASA-CENTRO-1200x800.jpeg\" alt=\"PROYECTO CASA CENTRO\" width=\"660\" height=\"440\" \/> <\/a><h3><a href=\"https:\/\/expoaluminiosas.com\/expoa\/project\/wood-framed-2\/\" rel=\"bookmark\">PROYECTO CASA CENTRO<\/a><\/h3><p>Cortavientos en cristal de<br \/>10 mm con poste en acero<br \/>inox<\/p><\/article><article><a href=\"https:\/\/expoaluminiosas.com\/expoa\/project\/construction-laborer\/\" aria-hidden=\"true\"><br \/><img loading=\"lazy\" decoding=\"async\" src=\"https:\/\/expoaluminiosas.com\/expoa\/wp-content\/uploads\/2019\/11\/2.PROYECTO-CONJUNTO-NUEVA-CASTILLA-935x800.jpeg\" alt=\"Proyecto Conjunto Nueva Castilla\" width=\"660\" height=\"565\" \/> <\/a><h3><a href=\"https:\/\/expoaluminiosas.com\/expoa\/project\/construction-laborer\/\" rel=\"bookmark\">Proyecto Conjunto Nueva Castilla<\/a><\/h3><p>Sistema batientes en poste<br \/>de giro en acero inox con<br \/>bisagra hidr\u00e1ulica<\/p><\/article><article><a href=\"https:\/\/expoaluminiosas.com\/expoa\/project\/steel-frame\/\" aria-hidden=\"true\"><br \/><img loading=\"lazy\" decoding=\"async\" src=\"https:\/\/expoaluminiosas.com\/expoa\/wp-content\/uploads\/2019\/11\/3.PROYECTO-COLISEO-FONTANAR-DE-SUBA-1078x800.jpeg\" alt=\"Proyecto Coliseo Fontanar\" width=\"660\" height=\"490\" \/> <\/a><h3><a href=\"https:\/\/expoaluminiosas.com\/expoa\/project\/steel-frame\/\" rel=\"bookmark\">Proyecto Coliseo Fontanar<\/a><\/h3><p>Barras antipanico tipo<br \/>guillotina para puerta doble<br \/>con cierrapuerta Yale para<br \/>150kg<\/p><\/article><article><a href=\"https:\/\/expoaluminiosas.com\/expoa\/project\/plumber\/\" aria-hidden=\"true\"><br \/><img loading=\"lazy\" decoding=\"async\" src=\"https:\/\/expoaluminiosas.com\/expoa\/wp-content\/uploads\/2019\/11\/4.PROYECTO-UNIVERSIDAD-UNIAGRARIA-1200x800.jpeg\" alt=\"Proyecto Universidad Uniagraria\" width=\"660\" height=\"440\" \/> <\/a><h3><a href=\"https:\/\/expoaluminiosas.com\/expoa\/project\/plumber\/\" rel=\"bookmark\">Proyecto Universidad Uniagraria<\/a><\/h3><p>Cabinas de ba\u00f1o con<br \/>accesorios en acero<br \/>inoxidable, bisagras<br \/>chapetas y cerrojo<\/p><\/article><article><a href=\"https:\/\/expoaluminiosas.com\/expoa\/project\/project-engineer\/\" aria-hidden=\"true\"><br \/><img loading=\"lazy\" decoding=\"async\" src=\"https:\/\/expoaluminiosas.com\/expoa\/wp-content\/uploads\/2019\/11\/5.PROYECTO-LA-VEGA-CUNDINAMARCA-1152x800.jpeg\" alt=\"Proyecto la Vega Cundinamarca\" width=\"660\" height=\"458\" \/> <\/a><h3><a href=\"https:\/\/expoaluminiosas.com\/expoa\/project\/project-engineer\/\" rel=\"bookmark\">Proyecto la Vega Cundinamarca<\/a><\/h3><p>Cortaviento en cristal<br \/>templado con postes en<br \/>acero inoxidable.<\/p><\/article><article><a href=\"https:\/\/expoaluminiosas.com\/expoa\/project\/construction-superintendent\/\" aria-hidden=\"true\"><br \/><img loading=\"lazy\" decoding=\"async\" src=\"https:\/\/expoaluminiosas.com\/expoa\/wp-content\/uploads\/2019\/11\/6.PROYECTO-1200x800.jpeg\" alt=\"Proyecto\" width=\"660\" height=\"440\" \/> <\/a><h3><a href=\"https:\/\/expoaluminiosas.com\/expoa\/project\/construction-superintendent\/\" rel=\"bookmark\">Proyecto<\/a><\/h3><p>Dise\u00f1o y desararollo de<br \/>vitrina en vidrio templado y<br \/>accesorios en acero<br \/>inoxidable<\/p><\/article><article><a href=\"https:\/\/expoaluminiosas.com\/expoa\/project\/construction-estimator\/\" aria-hidden=\"true\"><br \/><img loading=\"lazy\" decoding=\"async\" src=\"https:\/\/expoaluminiosas.com\/expoa\/wp-content\/uploads\/2019\/11\/7.SISTEMA-ESTRUCTURAL.jpeg\" sizes=\"auto, (max-width: 660px) 100vw, 660px\" srcset=\"https:\/\/expoaluminiosas.com\/expoa\/wp-content\/uploads\/2019\/11\/7.SISTEMA-ESTRUCTURAL.jpeg 1040w, https:\/\/expoaluminiosas.com\/expoa\/wp-content\/uploads\/2019\/11\/7.SISTEMA-ESTRUCTURAL-600x450.jpeg 600w, https:\/\/expoaluminiosas.com\/expoa\/wp-content\/uploads\/2019\/11\/7.SISTEMA-ESTRUCTURAL-300x225.jpeg 300w, https:\/\/expoaluminiosas.com\/expoa\/wp-content\/uploads\/2019\/11\/7.SISTEMA-ESTRUCTURAL-1024x768.jpeg 1024w, https:\/\/expoaluminiosas.com\/expoa\/wp-content\/uploads\/2019\/11\/7.SISTEMA-ESTRUCTURAL-768x576.jpeg 768w, https:\/\/expoaluminiosas.com\/expoa\/wp-content\/uploads\/2019\/11\/7.SISTEMA-ESTRUCTURAL-460x345.jpeg 460w\" alt=\"Sistema Estructural\" width=\"660\" height=\"495\" \/> <\/a><h3><a href=\"https:\/\/expoaluminiosas.com\/expoa\/project\/construction-estimator\/\" rel=\"bookmark\">Sistema Estructural<\/a><\/h3><p>Sistema estructural en<br \/>aluminio corredizo y<br \/>batiente en cristal laminado<br \/>3+3<\/p><\/article><article><a href=\"https:\/\/expoaluminiosas.com\/expoa\/project\/construction-inspector\/\" aria-hidden=\"true\"><br \/><img loading=\"lazy\" decoding=\"async\" src=\"https:\/\/expoaluminiosas.com\/expoa\/wp-content\/uploads\/2019\/11\/8.CABINA-DE-BANO-958x800.jpeg\" alt=\"Cabina de Ba\u00f1o\" width=\"660\" height=\"551\" \/> <\/a><h3><a href=\"https:\/\/expoaluminiosas.com\/expoa\/project\/construction-inspector\/\" rel=\"bookmark\">Cabina de Ba\u00f1o<\/a><\/h3><p>Cabina de ba\u00f1o en sistema<br \/>corredizo tipo T<br \/>con<br \/>accesorios en acero<br \/>inoxidable<\/p><\/article><article><a href=\"https:\/\/expoaluminiosas.com\/expoa\/project\/journeyman-electrician\/\" aria-hidden=\"true\"><br \/><img loading=\"lazy\" decoding=\"async\" src=\"https:\/\/expoaluminiosas.com\/expoa\/wp-content\/uploads\/2019\/11\/9.PROYECTO-TECNOALUMINIOS-780x800.jpeg\" alt=\"Proyecto TecnoAluminios\" width=\"660\" height=\"677\" \/> <\/a><h3><a href=\"https:\/\/expoaluminiosas.com\/expoa\/project\/journeyman-electrician\/\" rel=\"bookmark\">Proyecto TecnoAluminios<\/a><\/h3><p>Sistema de ba\u00f1o en tubo<br \/>rectangular en color negro<\/p><\/article><h3>Asesoria T\u00e9cnica<\/h3><h3>Dise\u00f1o y desarrollo De Accesorios en aluminio y acero para cristal<\/h3><h3>Envios de Mercancia<\/h3><h3>Acompa\u00f1amiento de proyectos ejecutados para nuestros clientes<\/h3><p><!-- START Slideshow Home 2 REVOLUTION SLIDER 6.6.10 --><\/p><p><img loading=\"lazy\" decoding=\"async\" title=\"Home 1\" src=\"\/\/expoaluminiosas.com\/expoa\/wp-content\/uploads\/2023\/07\/Home-1.jpg\" alt=\"\" width=\"2000\" height=\"1200\" data-no-retina=\"\" \/><\/p><p><img loading=\"lazy\" decoding=\"async\" title=\"Home 2\" src=\"\/\/expoaluminiosas.com\/expoa\/wp-content\/uploads\/2023\/07\/Home-2.jpg\" alt=\"\" width=\"2000\" height=\"1200\" data-no-retina=\"\" \/><\/p><p><!-- --><\/p><p><!-- END REVOLUTION SLIDER --><\/p><h2>Nuestro Equipo<\/h2><p>En Expoaluminio, nuestro equipo siempre est\u00e1 disponible para ayudarlo a cumplir sus metas y proyectos. Estamos comprometidos en brindar un apoyo integral, superando sus expectativas y priorizando su satisfacci\u00f3n. Juntos, alcanzaremos el \u00e9xito deseado.<\/p><article><a href=\"https:\/\/expoaluminiosas.com\/expoa\/team\/deb-marlowe\/\" aria-hidden=\"true\"><br \/><img loading=\"lazy\" decoding=\"async\" src=\"https:\/\/expoaluminiosas.com\/expoa\/wp-content\/uploads\/2019\/11\/Kevin-Reina-1-240x300.jpg\" sizes=\"auto, (max-width: 240px) 100vw, 240px\" srcset=\"https:\/\/expoaluminiosas.com\/expoa\/wp-content\/uploads\/2019\/11\/Kevin-Reina-1-240x300.jpg 240w, https:\/\/expoaluminiosas.com\/expoa\/wp-content\/uploads\/2019\/11\/Kevin-Reina-1-819x1024.jpg 819w, https:\/\/expoaluminiosas.com\/expoa\/wp-content\/uploads\/2019\/11\/Kevin-Reina-1-768x960.jpg 768w, https:\/\/expoaluminiosas.com\/expoa\/wp-content\/uploads\/2019\/11\/Kevin-Reina-1-1229x1536.jpg 1229w, https:\/\/expoaluminiosas.com\/expoa\/wp-content\/uploads\/2019\/11\/Kevin-Reina-1-460x575.jpg 460w, https:\/\/expoaluminiosas.com\/expoa\/wp-content\/uploads\/2019\/11\/Kevin-Reina-1-1320x1650.jpg 1320w, https:\/\/expoaluminiosas.com\/expoa\/wp-content\/uploads\/2019\/11\/Kevin-Reina-1-600x750.jpg 600w, https:\/\/expoaluminiosas.com\/expoa\/wp-content\/uploads\/2019\/11\/Kevin-Reina-1.jpg 1600w\" alt=\"Kevin Reina\" width=\"240\" height=\"300\" \/> <\/a><h3><a href=\"https:\/\/expoaluminiosas.com\/expoa\/team\/deb-marlowe\/\" rel=\"bookmark\">Kevin Reina<\/a><\/h3><p>Asesor comercial<\/p><\/article><article><a href=\"https:\/\/expoaluminiosas.com\/expoa\/team\/kurt-boone\/\" aria-hidden=\"true\"><br \/><img loading=\"lazy\" decoding=\"async\" src=\"https:\/\/expoaluminiosas.com\/expoa\/wp-content\/uploads\/2019\/11\/Esperanza-Alvarado-1-240x300.jpg\" sizes=\"auto, (max-width: 240px) 100vw, 240px\" srcset=\"https:\/\/expoaluminiosas.com\/expoa\/wp-content\/uploads\/2019\/11\/Esperanza-Alvarado-1-240x300.jpg 240w, https:\/\/expoaluminiosas.com\/expoa\/wp-content\/uploads\/2019\/11\/Esperanza-Alvarado-1-819x1024.jpg 819w, https:\/\/expoaluminiosas.com\/expoa\/wp-content\/uploads\/2019\/11\/Esperanza-Alvarado-1-768x960.jpg 768w, https:\/\/expoaluminiosas.com\/expoa\/wp-content\/uploads\/2019\/11\/Esperanza-Alvarado-1-1229x1536.jpg 1229w, https:\/\/expoaluminiosas.com\/expoa\/wp-content\/uploads\/2019\/11\/Esperanza-Alvarado-1-460x575.jpg 460w, https:\/\/expoaluminiosas.com\/expoa\/wp-content\/uploads\/2019\/11\/Esperanza-Alvarado-1-1320x1650.jpg 1320w, https:\/\/expoaluminiosas.com\/expoa\/wp-content\/uploads\/2019\/11\/Esperanza-Alvarado-1-600x750.jpg 600w, https:\/\/expoaluminiosas.com\/expoa\/wp-content\/uploads\/2019\/11\/Esperanza-Alvarado-1.jpg 1600w\" alt=\"Esperanza Alvarado\" width=\"240\" height=\"300\" \/> <\/a><h3><a href=\"https:\/\/expoaluminiosas.com\/expoa\/team\/kurt-boone\/\" rel=\"bookmark\">Esperanza Alvarado<\/a><\/h3><p>Administradora<\/p><\/article><article><a href=\"https:\/\/expoaluminiosas.com\/expoa\/team\/muriel-barbery\/\" aria-hidden=\"true\"><br \/><img loading=\"lazy\" decoding=\"async\" src=\"https:\/\/expoaluminiosas.com\/expoa\/wp-content\/uploads\/2019\/11\/Jesus-Castro-1-240x300.jpg\" sizes=\"auto, (max-width: 240px) 100vw, 240px\" srcset=\"https:\/\/expoaluminiosas.com\/expoa\/wp-content\/uploads\/2019\/11\/Jesus-Castro-1-240x300.jpg 240w, https:\/\/expoaluminiosas.com\/expoa\/wp-content\/uploads\/2019\/11\/Jesus-Castro-1-819x1024.jpg 819w, https:\/\/expoaluminiosas.com\/expoa\/wp-content\/uploads\/2019\/11\/Jesus-Castro-1-768x960.jpg 768w, https:\/\/expoaluminiosas.com\/expoa\/wp-content\/uploads\/2019\/11\/Jesus-Castro-1-1229x1536.jpg 1229w, https:\/\/expoaluminiosas.com\/expoa\/wp-content\/uploads\/2019\/11\/Jesus-Castro-1-460x575.jpg 460w, https:\/\/expoaluminiosas.com\/expoa\/wp-content\/uploads\/2019\/11\/Jesus-Castro-1-1320x1650.jpg 1320w, https:\/\/expoaluminiosas.com\/expoa\/wp-content\/uploads\/2019\/11\/Jesus-Castro-1-600x750.jpg 600w, https:\/\/expoaluminiosas.com\/expoa\/wp-content\/uploads\/2019\/11\/Jesus-Castro-1.jpg 1600w\" alt=\"Jes\u00fas Castro\" width=\"240\" height=\"300\" \/> <\/a><h3><a href=\"https:\/\/expoaluminiosas.com\/expoa\/team\/muriel-barbery\/\" rel=\"bookmark\">Jes\u00fas Castro<\/a><\/h3><p>Bodega<\/p><\/article><article><a href=\"https:\/\/expoaluminiosas.com\/expoa\/team\/onyeka\/\" aria-hidden=\"true\"><br \/><img loading=\"lazy\" decoding=\"async\" src=\"https:\/\/expoaluminiosas.com\/expoa\/wp-content\/uploads\/2019\/11\/Leydi-Galeano-1-240x300.jpg\" sizes=\"auto, (max-width: 240px) 100vw, 240px\" srcset=\"https:\/\/expoaluminiosas.com\/expoa\/wp-content\/uploads\/2019\/11\/Leydi-Galeano-1-240x300.jpg 240w, https:\/\/expoaluminiosas.com\/expoa\/wp-content\/uploads\/2019\/11\/Leydi-Galeano-1-819x1024.jpg 819w, https:\/\/expoaluminiosas.com\/expoa\/wp-content\/uploads\/2019\/11\/Leydi-Galeano-1-768x960.jpg 768w, https:\/\/expoaluminiosas.com\/expoa\/wp-content\/uploads\/2019\/11\/Leydi-Galeano-1-1229x1536.jpg 1229w, https:\/\/expoaluminiosas.com\/expoa\/wp-content\/uploads\/2019\/11\/Leydi-Galeano-1-460x575.jpg 460w, https:\/\/expoaluminiosas.com\/expoa\/wp-content\/uploads\/2019\/11\/Leydi-Galeano-1-1320x1650.jpg 1320w, https:\/\/expoaluminiosas.com\/expoa\/wp-content\/uploads\/2019\/11\/Leydi-Galeano-1-600x750.jpg 600w, https:\/\/expoaluminiosas.com\/expoa\/wp-content\/uploads\/2019\/11\/Leydi-Galeano-1.jpg 1600w\" alt=\"Leydi Galeano\" width=\"240\" height=\"300\" \/> <\/a><h3><a href=\"https:\/\/expoaluminiosas.com\/expoa\/team\/onyeka\/\" rel=\"bookmark\">Leydi Galeano<\/a><\/h3><p>Auxiliar administrativo<\/p><\/article><p><img decoding=\"async\" src=\"https:\/\/expoaluminiosas.com\/expoa\/wp-content\/uploads\/2023\/12\/Artboard-4.png\" alt=\"\" \/><br \/><img decoding=\"async\" src=\"https:\/\/expoaluminiosas.com\/expoa\/wp-content\/uploads\/2023\/12\/Artboard-3.png\" alt=\"\" \/><br \/><img decoding=\"async\" src=\"https:\/\/expoaluminiosas.com\/expoa\/wp-content\/uploads\/2023\/12\/Artboard-2.png\" alt=\"\" \/><br \/><img decoding=\"async\" src=\"https:\/\/expoaluminiosas.com\/expoa\/wp-content\/uploads\/2023\/12\/Artboard-1.png\" alt=\"\" \/><br \/><img decoding=\"async\" src=\"https:\/\/expoaluminiosas.com\/expoa\/wp-content\/uploads\/2023\/12\/Artboard-1-copy.png\" alt=\"\" \/><br \/><img decoding=\"async\" src=\"https:\/\/expoaluminiosas.com\/expoa\/wp-content\/uploads\/2023\/12\/Artboard-1-copy-8.png\" alt=\"\" \/><br \/><img decoding=\"async\" src=\"https:\/\/expoaluminiosas.com\/expoa\/wp-content\/uploads\/2023\/12\/Artboard-1-copy-7.png\" alt=\"\" \/><br \/><img decoding=\"async\" src=\"https:\/\/expoaluminiosas.com\/expoa\/wp-content\/uploads\/2023\/12\/Artboard-1-copy-6.png\" alt=\"\" \/><br \/><img decoding=\"async\" src=\"https:\/\/expoaluminiosas.com\/expoa\/wp-content\/uploads\/2023\/12\/Artboard-1-copy-5.png\" alt=\"\" \/><br \/><img decoding=\"async\" src=\"https:\/\/expoaluminiosas.com\/expoa\/wp-content\/uploads\/2023\/12\/Artboard-1-copy-4.png\" alt=\"\" \/><br \/><img decoding=\"async\" src=\"https:\/\/expoaluminiosas.com\/expoa\/wp-content\/uploads\/2023\/12\/Artboard-1-copy-3.png\" alt=\"\" \/><br \/><img decoding=\"async\" src=\"https:\/\/expoaluminiosas.com\/expoa\/wp-content\/uploads\/2023\/12\/Artboard-1-copy-2.png\" alt=\"\" \/><\/p><p><img loading=\"lazy\" decoding=\"async\" class=\"alignnone  wp-image-16305\" src=\"https:\/\/expoaluminiosas.com\/expoa\/wp-content\/uploads\/2024\/03\/LOGO-STAC-300x300.jpg\" alt=\"\" width=\"366\" height=\"366\" srcset=\"https:\/\/expoaluminiosas.com\/expoa\/wp-content\/uploads\/2024\/03\/LOGO-STAC-300x300.jpg 300w, https:\/\/expoaluminiosas.com\/expoa\/wp-content\/uploads\/2024\/03\/LOGO-STAC-150x150.jpg 150w, https:\/\/expoaluminiosas.com\/expoa\/wp-content\/uploads\/2024\/03\/LOGO-STAC-460x460.jpg 460w, https:\/\/expoaluminiosas.com\/expoa\/wp-content\/uploads\/2024\/03\/LOGO-STAC-600x600.jpg 600w, https:\/\/expoaluminiosas.com\/expoa\/wp-content\/uploads\/2024\/03\/LOGO-STAC-410x410.jpg 410w, https:\/\/expoaluminiosas.com\/expoa\/wp-content\/uploads\/2024\/03\/LOGO-STAC.jpg 700w\" sizes=\"auto, (max-width: 366px) 100vw, 366px\" \/><\/p><h2>Cont\u00e1ctanos<\/h2><p>Al enviarnos este mensaje nuestro equipo se pondra a la brevedad en cont\u00e1cto contigo<\/p><form action=\"\/expoa\/wp-admin\/admin-ajax.php#wpcf7-f3557-o1\" method=\"post\" novalidate=\"novalidate\" aria-label=\"Contact form\" data-status=\"init\"><input name=\"_wpcf7\" type=\"hidden\" value=\"3557\" \/><br \/><input name=\"_wpcf7_version\" type=\"hidden\" value=\"5.7.7\" \/><br \/><input name=\"_wpcf7_locale\" type=\"hidden\" value=\"en_US\" \/><br \/><input name=\"_wpcf7_unit_tag\" type=\"hidden\" value=\"wpcf7-f3557-o1\" \/><br \/><input name=\"_wpcf7_container_post\" type=\"hidden\" value=\"0\" \/><br \/><input name=\"_wpcf7_posted_data_hash\" type=\"hidden\" value=\"\" \/><\/form><p><label><input name=\"your-name\" size=\"40\" type=\"text\" value=\"\" placeholder=\"Nombre\" aria-required=\"true\" aria-invalid=\"false\" \/><\/label><\/p><p><label><input name=\"email-853\" size=\"40\" type=\"email\" value=\"\" placeholder=\"Email\" aria-required=\"true\" aria-invalid=\"false\" \/><\/label><\/p><p><label><input name=\"tel-422\" size=\"40\" type=\"tel\" value=\"\" placeholder=\"Tel\u00e9fono\" aria-required=\"true\" aria-invalid=\"false\" \/><\/label><\/p><p><label><textarea cols=\"40\" name=\"your-message\" rows=\"10\" placeholder=\"Mensaje\" aria-invalid=\"false\"><\/textarea><\/label><\/p><p><input type=\"submit\" value=\"Enviar Mensaje\" \/><\/p>\t\t\t\t\t\t<\/div>\n\t\t\t\t<\/div>\n\t\t\t\t\t<\/div>\n\t\t<\/div>\n\t\t\t\t\t\t\t<\/div>\n\t\t<\/section>\n\t\t\t\t\t\t\t<\/div>\n\t\t","protected":false},"excerpt":{"rendered":"<p>Haz realidad tus ideas con ExpoaluminioConoce la TiendaConocenos Expoaluminio: Expertos en herramientas y materiales para tus proyectos.Conoce la TiendaConocenos Nuestra Compa\u00f1\u00eda Descubre Expoaluminio, tu soluci\u00f3n l\u00edder en accesorios de ventaner\u00eda, cristaler\u00eda, herramientas y art\u00edculos de ferreter\u00eda. Con un enfoque en satisfacer las necesidades de nuestros clientes, nos hemos convertido en la respuesta completa para el &hellip; <br \/><a href=\"https:\/\/expoaluminiosas.com\/expoa\/\" class=\"more-link\">Continue reading <span class=\"screen-reader-text\">Home<\/span><\/a><\/p>\n","protected":false},"author":1,"featured_media":0,"parent":0,"menu_order":0,"comment_status":"closed","ping_status":"closed","template":"","meta":{"footnotes":""},"class_list":["post-3999","page","type-page","status-publish","hentry"],"_links":{"self":[{"href":"https:\/\/expoaluminiosas.com\/expoa\/wp-json\/wp\/v2\/pages\/3999","targetHints":{"allow":["GET"]}}],"collection":[{"href":"https:\/\/expoaluminiosas.com\/expoa\/wp-json\/wp\/v2\/pages"}],"about":[{"href":"https:\/\/expoaluminiosas.com\/expoa\/wp-json\/wp\/v2\/types\/page"}],"author":[{"embeddable":true,"href":"https:\/\/expoaluminiosas.com\/expoa\/wp-json\/wp\/v2\/users\/1"}],"replies":[{"embeddable":true,"href":"https:\/\/expoaluminiosas.com\/expoa\/wp-json\/wp\/v2\/comments?post=3999"}],"version-history":[{"count":82,"href":"https:\/\/expoaluminiosas.com\/expoa\/wp-json\/wp\/v2\/pages\/3999\/revisions"}],"predecessor-version":[{"id":16311,"href":"https:\/\/expoaluminiosas.com\/expoa\/wp-json\/wp\/v2\/pages\/3999\/revisions\/16311"}],"wp:attachment":[{"href":"https:\/\/expoaluminiosas.com\/expoa\/wp-json\/wp\/v2\/media?parent=3999"}],"curies":[{"name":"wp","href":"https:\/\/api.w.org\/{rel}","templated":true}]}}