


{"id":14423,"date":"2023-12-04T10:05:05","date_gmt":"2023-12-04T15:05:05","guid":{"rendered":"https:\/\/expoaluminiosas.com\/expoa\/producto\/rodamiento-744-nylon-ref-0405a\/"},"modified":"2023-12-04T10:05:14","modified_gmt":"2023-12-04T15:05:14","slug":"rodamiento-744-nylon-ref-0405a","status":"publish","type":"product","link":"https:\/\/expoaluminiosas.com\/expoa\/producto\/rodamiento-744-nylon-ref-0405a\/","title":{"rendered":"RODAMIENTO 744 NYLON (REF 0405A)"},"content":{"rendered":"<p>Rodamiento para puertas y ventanas corredizas, Sistema 744.<\/p>\n","protected":false},"excerpt":{"rendered":"<p>Fabricado en acero laminado en frio calibre 20 (Cold Rolled Steel) y con proceso de zincado en caliente para producci\u00f3n a la corrosi\u00f3n. Capacidad de carga 35 kg el peso m\u00e1ximo recomendado de una nave con dos de los rodamientos es de 70 Kgs<\/p>\n","protected":false},"featured_media":9474,"comment_status":"closed","ping_status":"open","template":"","meta":[],"product_cat":[225,1061,1047],"product_tag":[],"class_list":["post-14423","product","type-product","status-publish","has-post-thumbnail","hentry","product_cat-puertas-corredizas","product_cat-rodamientos","product_cat-sistema-744","pa_referencia-0405-a"],"_links":{"self":[{"href":"https:\/\/expoaluminiosas.com\/expoa\/wp-json\/wp\/v2\/product\/14423","targetHints":{"allow":["GET"]}}],"collection":[{"href":"https:\/\/expoaluminiosas.com\/expoa\/wp-json\/wp\/v2\/product"}],"about":[{"href":"https:\/\/expoaluminiosas.com\/expoa\/wp-json\/wp\/v2\/types\/product"}],"replies":[{"embeddable":true,"href":"https:\/\/expoaluminiosas.com\/expoa\/wp-json\/wp\/v2\/comments?post=14423"}],"version-history":[{"count":1,"href":"https:\/\/expoaluminiosas.com\/expoa\/wp-json\/wp\/v2\/product\/14423\/revisions"}],"predecessor-version":[{"id":14424,"href":"https:\/\/expoaluminiosas.com\/expoa\/wp-json\/wp\/v2\/product\/14423\/revisions\/14424"}],"wp:featuredmedia":[{"embeddable":true,"href":"https:\/\/expoaluminiosas.com\/expoa\/wp-json\/wp\/v2\/media\/9474"}],"wp:attachment":[{"href":"https:\/\/expoaluminiosas.com\/expoa\/wp-json\/wp\/v2\/media?parent=14423"}],"wp:term":[{"taxonomy":"product_cat","embeddable":true,"href":"https:\/\/expoaluminiosas.com\/expoa\/wp-json\/wp\/v2\/product_cat?post=14423"},{"taxonomy":"product_tag","embeddable":true,"href":"https:\/\/expoaluminiosas.com\/expoa\/wp-json\/wp\/v2\/product_tag?post=14423"}],"curies":[{"name":"wp","href":"https:\/\/api.w.org\/{rel}","templated":true}]}}