


{"id":14464,"date":"2023-12-04T10:05:56","date_gmt":"2023-12-04T15:05:56","guid":{"rendered":"https:\/\/expoaluminiosas.com\/expoa\/producto\/cerradura-de-incrustar-854\/"},"modified":"2023-12-04T10:06:04","modified_gmt":"2023-12-04T15:06:04","slug":"cerradura-de-incrustar-854","status":"publish","type":"product","link":"https:\/\/expoaluminiosas.com\/expoa\/producto\/cerradura-de-incrustar-854\/","title":{"rendered":"CERRADURA DE INCRUSTAR 854"},"content":{"rendered":"<p>Cerradura cilindro externo fijo, el cual est\u00e1 sujeto a la cerradura permitiendo una f\u00e1cil instalaci\u00f3n desde la parte interna de la puerta. Backset de 15.5mm, Para puertas de 25mm a 50mm de espesor, Caja y cantonera en acero, Cilindro de 5 guardas<\/p>\n","protected":false},"excerpt":{"rendered":"<p>Para puertas que abran hacia adentro o corredizas. Mayor seguridad mediante giro del cilindro con el uso de la llave. Los pestillos se accionan mediante giro de la roseta por el interior y con la llave por ambos lados. Al usar el bot\u00f3n reten, los pestillos se bloquean en la posici\u00f3n de arriba. Se puede instalar en puertas de madera o metal<\/p>\n","protected":false},"featured_media":5182,"comment_status":"closed","ping_status":"open","template":"","meta":[],"product_cat":[1056,1058,225,1049,1057],"product_tag":[],"class_list":["post-14464","product","type-product","status-publish","has-post-thumbnail","hentry","product_cat-cerraduras-de-incrustar-sistema-8025","product_cat-cerraduras-de-incrustar-tubular-1101","product_cat-puertas-corredizas","product_cat-sistema-8025","product_cat-tubular-1101","pa_referencia-y-4021-ll-m","pa_referencia-y-4021-ll-m-y-4022-ll-ll-y-4051-ll-m","pa_referencia-y-4022-ll-ll","pa_referencia-y-4051-ll-m"],"_links":{"self":[{"href":"https:\/\/expoaluminiosas.com\/expoa\/wp-json\/wp\/v2\/product\/14464","targetHints":{"allow":["GET"]}}],"collection":[{"href":"https:\/\/expoaluminiosas.com\/expoa\/wp-json\/wp\/v2\/product"}],"about":[{"href":"https:\/\/expoaluminiosas.com\/expoa\/wp-json\/wp\/v2\/types\/product"}],"replies":[{"embeddable":true,"href":"https:\/\/expoaluminiosas.com\/expoa\/wp-json\/wp\/v2\/comments?post=14464"}],"version-history":[{"count":1,"href":"https:\/\/expoaluminiosas.com\/expoa\/wp-json\/wp\/v2\/product\/14464\/revisions"}],"predecessor-version":[{"id":14465,"href":"https:\/\/expoaluminiosas.com\/expoa\/wp-json\/wp\/v2\/product\/14464\/revisions\/14465"}],"wp:featuredmedia":[{"embeddable":true,"href":"https:\/\/expoaluminiosas.com\/expoa\/wp-json\/wp\/v2\/media\/5182"}],"wp:attachment":[{"href":"https:\/\/expoaluminiosas.com\/expoa\/wp-json\/wp\/v2\/media?parent=14464"}],"wp:term":[{"taxonomy":"product_cat","embeddable":true,"href":"https:\/\/expoaluminiosas.com\/expoa\/wp-json\/wp\/v2\/product_cat?post=14464"},{"taxonomy":"product_tag","embeddable":true,"href":"https:\/\/expoaluminiosas.com\/expoa\/wp-json\/wp\/v2\/product_tag?post=14464"}],"curies":[{"name":"wp","href":"https:\/\/api.w.org\/{rel}","templated":true}]}}