


{"id":14492,"date":"2023-12-04T10:06:20","date_gmt":"2023-12-04T15:06:20","guid":{"rendered":"https:\/\/expoaluminiosas.com\/expoa\/producto\/rodamiento-8025-abb-00295\/"},"modified":"2024-01-22T08:40:03","modified_gmt":"2024-01-22T13:40:03","slug":"rodamiento-8025-abb-00295","status":"publish","type":"product","link":"https:\/\/expoaluminiosas.com\/expoa\/producto\/rodamiento-8025-abb-00295\/","title":{"rendered":"RODAMIENTO 8025 ABB 00295"},"content":{"rendered":"<p>Rodamiento para puertas y ventanas corredizas, Sistema 8025<\/p>\n","protected":false},"excerpt":{"rendered":"<p>Fabricado en acero laminado en frio calibre 20 (Cold Rolled Steel) y con proceso de zincado en caliente para producci\u00f3n a la corrosi\u00f3n. Capacidad de carga 17 kg el peso m\u00e1ximo recomendado de una nave con dos de los rodamientos es de 34 Kgs<\/p>\n","protected":false},"featured_media":16231,"comment_status":"closed","ping_status":"closed","template":"","meta":[],"product_cat":[225,1062,1049],"product_tag":[],"class_list":["post-14492","product","type-product","status-publish","has-post-thumbnail","hentry","product_cat-puertas-corredizas","product_cat-rodamientos-sistema-8025","product_cat-sistema-8025"],"_links":{"self":[{"href":"https:\/\/expoaluminiosas.com\/expoa\/wp-json\/wp\/v2\/product\/14492","targetHints":{"allow":["GET"]}}],"collection":[{"href":"https:\/\/expoaluminiosas.com\/expoa\/wp-json\/wp\/v2\/product"}],"about":[{"href":"https:\/\/expoaluminiosas.com\/expoa\/wp-json\/wp\/v2\/types\/product"}],"replies":[{"embeddable":true,"href":"https:\/\/expoaluminiosas.com\/expoa\/wp-json\/wp\/v2\/comments?post=14492"}],"version-history":[{"count":2,"href":"https:\/\/expoaluminiosas.com\/expoa\/wp-json\/wp\/v2\/product\/14492\/revisions"}],"predecessor-version":[{"id":16241,"href":"https:\/\/expoaluminiosas.com\/expoa\/wp-json\/wp\/v2\/product\/14492\/revisions\/16241"}],"wp:featuredmedia":[{"embeddable":true,"href":"https:\/\/expoaluminiosas.com\/expoa\/wp-json\/wp\/v2\/media\/16231"}],"wp:attachment":[{"href":"https:\/\/expoaluminiosas.com\/expoa\/wp-json\/wp\/v2\/media?parent=14492"}],"wp:term":[{"taxonomy":"product_cat","embeddable":true,"href":"https:\/\/expoaluminiosas.com\/expoa\/wp-json\/wp\/v2\/product_cat?post=14492"},{"taxonomy":"product_tag","embeddable":true,"href":"https:\/\/expoaluminiosas.com\/expoa\/wp-json\/wp\/v2\/product_tag?post=14492"}],"curies":[{"name":"wp","href":"https:\/\/api.w.org\/{rel}","templated":true}]}}