


{"id":14494,"date":"2023-12-04T10:06:20","date_gmt":"2023-12-04T15:06:20","guid":{"rendered":"https:\/\/expoaluminiosas.com\/expoa\/producto\/rodamiento-8025-doble-abb-00473\/"},"modified":"2023-12-04T10:06:24","modified_gmt":"2023-12-04T15:06:24","slug":"rodamiento-8025-doble-abb-00473","status":"publish","type":"product","link":"https:\/\/expoaluminiosas.com\/expoa\/producto\/rodamiento-8025-doble-abb-00473\/","title":{"rendered":"RODAMIENTO 8025 DOBLE ABB 00473"},"content":{"rendered":"<p>Rodamiento para puertas y ventanas corredizas, Sistema 8025<\/p>\n","protected":false},"excerpt":{"rendered":"<p>Fabricado en acero laminado en frio calibre 20 (Cold Rolled Steel) y con proceso de zincado en caliente para producci\u00f3n a la corrosi\u00f3n. Capacidad de carga 25 kg el peso m\u00e1ximo recomendado de una nave con dos de los rodamientos es de 50 Kgs<\/p>\n","protected":false},"featured_media":6004,"comment_status":"closed","ping_status":"open","template":"","meta":[],"product_cat":[225,1062,1049],"product_tag":[],"class_list":["post-14494","product","type-product","status-publish","has-post-thumbnail","hentry","product_cat-puertas-corredizas","product_cat-rodamientos-sistema-8025","product_cat-sistema-8025","pa_referencia-360"],"_links":{"self":[{"href":"https:\/\/expoaluminiosas.com\/expoa\/wp-json\/wp\/v2\/product\/14494","targetHints":{"allow":["GET"]}}],"collection":[{"href":"https:\/\/expoaluminiosas.com\/expoa\/wp-json\/wp\/v2\/product"}],"about":[{"href":"https:\/\/expoaluminiosas.com\/expoa\/wp-json\/wp\/v2\/types\/product"}],"replies":[{"embeddable":true,"href":"https:\/\/expoaluminiosas.com\/expoa\/wp-json\/wp\/v2\/comments?post=14494"}],"version-history":[{"count":1,"href":"https:\/\/expoaluminiosas.com\/expoa\/wp-json\/wp\/v2\/product\/14494\/revisions"}],"predecessor-version":[{"id":14495,"href":"https:\/\/expoaluminiosas.com\/expoa\/wp-json\/wp\/v2\/product\/14494\/revisions\/14495"}],"wp:featuredmedia":[{"embeddable":true,"href":"https:\/\/expoaluminiosas.com\/expoa\/wp-json\/wp\/v2\/media\/6004"}],"wp:attachment":[{"href":"https:\/\/expoaluminiosas.com\/expoa\/wp-json\/wp\/v2\/media?parent=14494"}],"wp:term":[{"taxonomy":"product_cat","embeddable":true,"href":"https:\/\/expoaluminiosas.com\/expoa\/wp-json\/wp\/v2\/product_cat?post=14494"},{"taxonomy":"product_tag","embeddable":true,"href":"https:\/\/expoaluminiosas.com\/expoa\/wp-json\/wp\/v2\/product_tag?post=14494"}],"curies":[{"name":"wp","href":"https:\/\/api.w.org\/{rel}","templated":true}]}}