


{"id":14588,"date":"2023-12-04T10:07:39","date_gmt":"2023-12-04T15:07:39","guid":{"rendered":"https:\/\/expoaluminiosas.com\/expoa\/producto\/cerradura-de-incrustar-py-r201\/"},"modified":"2023-12-04T10:07:48","modified_gmt":"2023-12-04T15:07:48","slug":"cerradura-de-incrustar-py-r201","status":"publish","type":"product","link":"https:\/\/expoaluminiosas.com\/expoa\/producto\/cerradura-de-incrustar-py-r201\/","title":{"rendered":"CERRADURA DE INCRUSTAR PY-R201"},"content":{"rendered":"<p>Cerradura auxiliar de alta seguridad antitaladro<\/p>\n","protected":false},"excerpt":{"rendered":"<p>Mecanismo de embutir protegido em Caja cerrada de acero galvanizado (anticorrosi\u00f3n), Mecanismo de 4 bulones em acero (antipalanca) de di\u00e2metro 14mm. Pestillo reabla\u00edn reversible. Bacset de 60mm<\/p>\n","protected":false},"featured_media":9488,"comment_status":"closed","ping_status":"open","template":"","meta":[],"product_cat":[1072,1067],"product_tag":[],"class_list":["post-14588","product","type-product","status-publish","has-post-thumbnail","hentry","product_cat-cerraduras-auxiliares","product_cat-puertas-batientes","pa_referencia-py-r201ba-ll-cil-tesa","pa_referencia-py-r201ba-ll-ll-cil-yunque","pa_referencia-py-r201bnell-cil-yunque","pa_referencia-py-r201bnell-cil-yunque-py-r201ba-ll-ll-cil-yunque-py-r201ba-ll-cil-tesa-py-r201bnelm-cil-tesa","pa_referencia-py-r201bnelm-cil-tesa"],"_links":{"self":[{"href":"https:\/\/expoaluminiosas.com\/expoa\/wp-json\/wp\/v2\/product\/14588","targetHints":{"allow":["GET"]}}],"collection":[{"href":"https:\/\/expoaluminiosas.com\/expoa\/wp-json\/wp\/v2\/product"}],"about":[{"href":"https:\/\/expoaluminiosas.com\/expoa\/wp-json\/wp\/v2\/types\/product"}],"replies":[{"embeddable":true,"href":"https:\/\/expoaluminiosas.com\/expoa\/wp-json\/wp\/v2\/comments?post=14588"}],"version-history":[{"count":1,"href":"https:\/\/expoaluminiosas.com\/expoa\/wp-json\/wp\/v2\/product\/14588\/revisions"}],"predecessor-version":[{"id":14589,"href":"https:\/\/expoaluminiosas.com\/expoa\/wp-json\/wp\/v2\/product\/14588\/revisions\/14589"}],"wp:featuredmedia":[{"embeddable":true,"href":"https:\/\/expoaluminiosas.com\/expoa\/wp-json\/wp\/v2\/media\/9488"}],"wp:attachment":[{"href":"https:\/\/expoaluminiosas.com\/expoa\/wp-json\/wp\/v2\/media?parent=14588"}],"wp:term":[{"taxonomy":"product_cat","embeddable":true,"href":"https:\/\/expoaluminiosas.com\/expoa\/wp-json\/wp\/v2\/product_cat?post=14588"},{"taxonomy":"product_tag","embeddable":true,"href":"https:\/\/expoaluminiosas.com\/expoa\/wp-json\/wp\/v2\/product_tag?post=14588"}],"curies":[{"name":"wp","href":"https:\/\/api.w.org\/{rel}","templated":true}]}}