


{"id":14653,"date":"2023-12-04T10:08:52","date_gmt":"2023-12-04T15:08:52","guid":{"rendered":"https:\/\/expoaluminiosas.com\/expoa\/producto\/cerradura-pomo-4415304s\/"},"modified":"2023-12-04T10:08:54","modified_gmt":"2023-12-04T15:08:54","slug":"cerradura-pomo-4415304s","status":"publish","type":"product","link":"https:\/\/expoaluminiosas.com\/expoa\/producto\/cerradura-pomo-4415304s\/","title":{"rendered":"CERRADURA POMO 4415304S"},"content":{"rendered":"<p>Cerra dura tipo americano com chasis, pomo<\/p>\n","protected":false},"excerpt":{"rendered":"<p>Acabado: Acero inox 304, Faceplate di\u00e2metro 7500, Bot\u00f3n de bloqueo, Sistema antitarjeta, Placas de refuerzo, Uso de alto tr\u00e9fico, Cumple la norma ANSI Grado 2 (4.000 ciclos), Pomos con refuerzos por la parte interior. Roseta exterior con perforaciones para anclaje. Backset de 60mm.<\/p>\n","protected":false},"featured_media":7996,"comment_status":"closed","ping_status":"open","template":"","meta":[],"product_cat":[1075,1067],"product_tag":[],"class_list":["post-14653","product","type-product","status-publish","has-post-thumbnail","hentry","product_cat-cerraduras-pomo","product_cat-puertas-batientes","pa_referencia-4415304s"],"_links":{"self":[{"href":"https:\/\/expoaluminiosas.com\/expoa\/wp-json\/wp\/v2\/product\/14653","targetHints":{"allow":["GET"]}}],"collection":[{"href":"https:\/\/expoaluminiosas.com\/expoa\/wp-json\/wp\/v2\/product"}],"about":[{"href":"https:\/\/expoaluminiosas.com\/expoa\/wp-json\/wp\/v2\/types\/product"}],"replies":[{"embeddable":true,"href":"https:\/\/expoaluminiosas.com\/expoa\/wp-json\/wp\/v2\/comments?post=14653"}],"version-history":[{"count":1,"href":"https:\/\/expoaluminiosas.com\/expoa\/wp-json\/wp\/v2\/product\/14653\/revisions"}],"predecessor-version":[{"id":14654,"href":"https:\/\/expoaluminiosas.com\/expoa\/wp-json\/wp\/v2\/product\/14653\/revisions\/14654"}],"wp:featuredmedia":[{"embeddable":true,"href":"https:\/\/expoaluminiosas.com\/expoa\/wp-json\/wp\/v2\/media\/7996"}],"wp:attachment":[{"href":"https:\/\/expoaluminiosas.com\/expoa\/wp-json\/wp\/v2\/media?parent=14653"}],"wp:term":[{"taxonomy":"product_cat","embeddable":true,"href":"https:\/\/expoaluminiosas.com\/expoa\/wp-json\/wp\/v2\/product_cat?post=14653"},{"taxonomy":"product_tag","embeddable":true,"href":"https:\/\/expoaluminiosas.com\/expoa\/wp-json\/wp\/v2\/product_tag?post=14653"}],"curies":[{"name":"wp","href":"https:\/\/api.w.org\/{rel}","templated":true}]}}