


{"id":14655,"date":"2023-12-04T10:08:52","date_gmt":"2023-12-04T15:08:52","guid":{"rendered":"https:\/\/expoaluminiosas.com\/expoa\/producto\/cerradura-pomo-bano-ce-393\/"},"modified":"2024-01-19T11:43:42","modified_gmt":"2024-01-19T16:43:42","slug":"cerradura-pomo-bano-ce-393","status":"publish","type":"product","link":"https:\/\/expoaluminiosas.com\/expoa\/producto\/cerradura-pomo-bano-ce-393\/","title":{"rendered":"CERRADURA POMO CROIX"},"content":{"rendered":"<p>Cerradura de pomo para alcoba y ba\u00f1o marca Croix TK-401 y TK-402<\/p>\n","protected":false},"excerpt":{"rendered":"<p>Tipo de cuerpo Cil\u00edndrico que le da mayor resistencia al desgaste y a la corrosion. La roseta del pomo tiene un di\u00e1metro de 75 mm. De esta forma puede reemplazar la mayor\u00eda de las cerraduras de pomo del mercado sin dejar huecos. Ademas le da una apariencia mas elegante y moderna a la puerta<\/p>\n<p>Configuraci\u00f3n: Llave por fuera, ranura por dentro. Usos: Ba\u00f1o.<\/p>\n<p>Configuraci\u00f3n: Llave porfuera, bot\u00f3n por dentro.Usos: Alcoba, oficina<\/p>\n","protected":false},"featured_media":16193,"comment_status":"closed","ping_status":"closed","template":"","meta":[],"product_cat":[1075,1067],"product_tag":[],"class_list":["post-14655","product","type-product","status-publish","has-post-thumbnail","hentry","product_cat-cerraduras-pomo","product_cat-puertas-batientes","pa_referencia-ce-392","pa_referencia-ce-393"],"_links":{"self":[{"href":"https:\/\/expoaluminiosas.com\/expoa\/wp-json\/wp\/v2\/product\/14655","targetHints":{"allow":["GET"]}}],"collection":[{"href":"https:\/\/expoaluminiosas.com\/expoa\/wp-json\/wp\/v2\/product"}],"about":[{"href":"https:\/\/expoaluminiosas.com\/expoa\/wp-json\/wp\/v2\/types\/product"}],"replies":[{"embeddable":true,"href":"https:\/\/expoaluminiosas.com\/expoa\/wp-json\/wp\/v2\/comments?post=14655"}],"version-history":[{"count":3,"href":"https:\/\/expoaluminiosas.com\/expoa\/wp-json\/wp\/v2\/product\/14655\/revisions"}],"predecessor-version":[{"id":16197,"href":"https:\/\/expoaluminiosas.com\/expoa\/wp-json\/wp\/v2\/product\/14655\/revisions\/16197"}],"wp:featuredmedia":[{"embeddable":true,"href":"https:\/\/expoaluminiosas.com\/expoa\/wp-json\/wp\/v2\/media\/16193"}],"wp:attachment":[{"href":"https:\/\/expoaluminiosas.com\/expoa\/wp-json\/wp\/v2\/media?parent=14655"}],"wp:term":[{"taxonomy":"product_cat","embeddable":true,"href":"https:\/\/expoaluminiosas.com\/expoa\/wp-json\/wp\/v2\/product_cat?post=14655"},{"taxonomy":"product_tag","embeddable":true,"href":"https:\/\/expoaluminiosas.com\/expoa\/wp-json\/wp\/v2\/product_tag?post=14655"}],"curies":[{"name":"wp","href":"https:\/\/api.w.org\/{rel}","templated":true}]}}