


{"id":14673,"date":"2023-12-04T10:08:52","date_gmt":"2023-12-04T15:08:52","guid":{"rendered":"https:\/\/expoaluminiosas.com\/expoa\/producto\/cerradura-sobreponer-kl-1070\/"},"modified":"2024-01-19T08:53:48","modified_gmt":"2024-01-19T13:53:48","slug":"cerradura-sobreponer-kl-1070","status":"publish","type":"product","link":"https:\/\/expoaluminiosas.com\/expoa\/producto\/cerradura-sobreponer-kl-1070\/","title":{"rendered":"CERRADURA SOBREPONER KL 1070"},"content":{"rendered":"<p>Cerradura de sobreponer KL 1070 derecha e izquierda<\/p>\n","protected":false},"excerpt":{"rendered":"<p>Backset a 70mm. Cinco llaves modelo 1005 en lat\u00f3n, Para puertas de sentido izquierda. Pestillo reversible innovaci\u00f3n kl security, Caja embutida en una sola pieza, en l\u00e1mina de acero con pintura electrostica. Con dos pasadores cil\u00edndricos de acero, tres avances, Portacil\u00edndro exterior con 6 guardas. Contraguardas en forma de hongo. Para puertas de 35 mm a 60 mm. De espesor, Torniller\u00eda para puerta met\u00e1lica \u00f3 de madera. El backset es la distancia entre el centro del cilindro y el canto \/ borde de la puerta<\/p>\n","protected":false},"featured_media":8000,"comment_status":"closed","ping_status":"closed","template":"","meta":[],"product_cat":[1076,1067],"product_tag":[],"class_list":["post-14673","product","type-product","status-publish","has-post-thumbnail","hentry","product_cat-cerraduras-de-sobreponer","product_cat-puertas-batientes","pa_referencia-kl-1070d","pa_referencia-kl-1070i"],"_links":{"self":[{"href":"https:\/\/expoaluminiosas.com\/expoa\/wp-json\/wp\/v2\/product\/14673","targetHints":{"allow":["GET"]}}],"collection":[{"href":"https:\/\/expoaluminiosas.com\/expoa\/wp-json\/wp\/v2\/product"}],"about":[{"href":"https:\/\/expoaluminiosas.com\/expoa\/wp-json\/wp\/v2\/types\/product"}],"replies":[{"embeddable":true,"href":"https:\/\/expoaluminiosas.com\/expoa\/wp-json\/wp\/v2\/comments?post=14673"}],"version-history":[{"count":3,"href":"https:\/\/expoaluminiosas.com\/expoa\/wp-json\/wp\/v2\/product\/14673\/revisions"}],"predecessor-version":[{"id":16174,"href":"https:\/\/expoaluminiosas.com\/expoa\/wp-json\/wp\/v2\/product\/14673\/revisions\/16174"}],"wp:featuredmedia":[{"embeddable":true,"href":"https:\/\/expoaluminiosas.com\/expoa\/wp-json\/wp\/v2\/media\/8000"}],"wp:attachment":[{"href":"https:\/\/expoaluminiosas.com\/expoa\/wp-json\/wp\/v2\/media?parent=14673"}],"wp:term":[{"taxonomy":"product_cat","embeddable":true,"href":"https:\/\/expoaluminiosas.com\/expoa\/wp-json\/wp\/v2\/product_cat?post=14673"},{"taxonomy":"product_tag","embeddable":true,"href":"https:\/\/expoaluminiosas.com\/expoa\/wp-json\/wp\/v2\/product_tag?post=14673"}],"curies":[{"name":"wp","href":"https:\/\/api.w.org\/{rel}","templated":true}]}}