


{"id":14838,"date":"2023-12-04T10:11:29","date_gmt":"2023-12-04T15:11:29","guid":{"rendered":"https:\/\/expoaluminiosas.com\/expoa\/producto\/bisagra-hidraulica-speedy-m60\/"},"modified":"2023-12-04T10:11:30","modified_gmt":"2023-12-04T15:11:30","slug":"bisagra-hidraulica-speedy-m60","status":"publish","type":"product","link":"https:\/\/expoaluminiosas.com\/expoa\/producto\/bisagra-hidraulica-speedy-m60\/","title":{"rendered":"BISAGRA HIDRAULICA SPEEDY M60"},"content":{"rendered":"<p>Bisagra hidr\u00e1ulica M60 (150Kg) Speedy<\/p>\n","protected":false},"excerpt":{"rendered":"<p>Para puertas batientes con peso hasta 150 kg. m\u00e1ximo, Dos v\u00e1lvulas que regulan la velocidad de cierre y velocidad de ajuste, fuerza roja, tr\u00e1fico pesado<\/p>\n","protected":false},"featured_media":4812,"comment_status":"closed","ping_status":"open","template":"","meta":[],"product_cat":[1086,1087],"product_tag":[],"class_list":["post-14838","product","type-product","status-publish","has-post-thumbnail","hentry","product_cat-bisagras-hidraulicas","product_cat-speddy","pa_referencia-m-60"],"_links":{"self":[{"href":"https:\/\/expoaluminiosas.com\/expoa\/wp-json\/wp\/v2\/product\/14838","targetHints":{"allow":["GET"]}}],"collection":[{"href":"https:\/\/expoaluminiosas.com\/expoa\/wp-json\/wp\/v2\/product"}],"about":[{"href":"https:\/\/expoaluminiosas.com\/expoa\/wp-json\/wp\/v2\/types\/product"}],"replies":[{"embeddable":true,"href":"https:\/\/expoaluminiosas.com\/expoa\/wp-json\/wp\/v2\/comments?post=14838"}],"version-history":[{"count":1,"href":"https:\/\/expoaluminiosas.com\/expoa\/wp-json\/wp\/v2\/product\/14838\/revisions"}],"predecessor-version":[{"id":14839,"href":"https:\/\/expoaluminiosas.com\/expoa\/wp-json\/wp\/v2\/product\/14838\/revisions\/14839"}],"wp:featuredmedia":[{"embeddable":true,"href":"https:\/\/expoaluminiosas.com\/expoa\/wp-json\/wp\/v2\/media\/4812"}],"wp:attachment":[{"href":"https:\/\/expoaluminiosas.com\/expoa\/wp-json\/wp\/v2\/media?parent=14838"}],"wp:term":[{"taxonomy":"product_cat","embeddable":true,"href":"https:\/\/expoaluminiosas.com\/expoa\/wp-json\/wp\/v2\/product_cat?post=14838"},{"taxonomy":"product_tag","embeddable":true,"href":"https:\/\/expoaluminiosas.com\/expoa\/wp-json\/wp\/v2\/product_tag?post=14838"}],"curies":[{"name":"wp","href":"https:\/\/api.w.org\/{rel}","templated":true}]}}