


{"id":14854,"date":"2023-12-04T10:11:29","date_gmt":"2023-12-04T15:11:29","guid":{"rendered":"https:\/\/expoaluminiosas.com\/expoa\/producto\/bisagra-hidraulica-geze-150kg\/"},"modified":"2023-12-13T20:15:10","modified_gmt":"2023-12-14T01:15:10","slug":"bisagra-hidraulica-geze-150kg","status":"publish","type":"product","link":"https:\/\/expoaluminiosas.com\/expoa\/producto\/bisagra-hidraulica-geze-150kg\/","title":{"rendered":"BISAGRA HIDRAULICA GEZE 150KG"},"content":{"rendered":"<p>Bisagra hidr\u00e1ulica GEZE (150Kg)<\/p>\n","protected":false},"excerpt":{"rendered":"<p>Para puertas batientes con peso hasta 150 kg. m\u00e1ximo, Tres v\u00e1lvulas que regulan velocidad de cierre, velocidad de ajuste, y graduaci\u00f3n de fuerza, tr\u00e1fico intensivo, recomendado para \u00e1reas exteriores<\/p>\n","protected":false},"featured_media":4817,"comment_status":"closed","ping_status":"closed","template":"","meta":[],"product_cat":[1086,1090],"product_tag":[],"class_list":["post-14854","product","type-product","status-publish","has-post-thumbnail","hentry","product_cat-bisagras-hidraulicas","product_cat-geze","pa_referencia-ogs4-301a-os-ts500nv","pa_referencia-ts500nv"],"_links":{"self":[{"href":"https:\/\/expoaluminiosas.com\/expoa\/wp-json\/wp\/v2\/product\/14854","targetHints":{"allow":["GET"]}}],"collection":[{"href":"https:\/\/expoaluminiosas.com\/expoa\/wp-json\/wp\/v2\/product"}],"about":[{"href":"https:\/\/expoaluminiosas.com\/expoa\/wp-json\/wp\/v2\/types\/product"}],"replies":[{"embeddable":true,"href":"https:\/\/expoaluminiosas.com\/expoa\/wp-json\/wp\/v2\/comments?post=14854"}],"version-history":[{"count":1,"href":"https:\/\/expoaluminiosas.com\/expoa\/wp-json\/wp\/v2\/product\/14854\/revisions"}],"predecessor-version":[{"id":14855,"href":"https:\/\/expoaluminiosas.com\/expoa\/wp-json\/wp\/v2\/product\/14854\/revisions\/14855"}],"wp:featuredmedia":[{"embeddable":true,"href":"https:\/\/expoaluminiosas.com\/expoa\/wp-json\/wp\/v2\/media\/4817"}],"wp:attachment":[{"href":"https:\/\/expoaluminiosas.com\/expoa\/wp-json\/wp\/v2\/media?parent=14854"}],"wp:term":[{"taxonomy":"product_cat","embeddable":true,"href":"https:\/\/expoaluminiosas.com\/expoa\/wp-json\/wp\/v2\/product_cat?post=14854"},{"taxonomy":"product_tag","embeddable":true,"href":"https:\/\/expoaluminiosas.com\/expoa\/wp-json\/wp\/v2\/product_tag?post=14854"}],"curies":[{"name":"wp","href":"https:\/\/api.w.org\/{rel}","templated":true}]}}