


{"id":14859,"date":"2023-12-04T10:11:29","date_gmt":"2023-12-04T15:11:29","guid":{"rendered":"https:\/\/expoaluminiosas.com\/expoa\/producto\/brazo-hidraulico-geze-100kg\/"},"modified":"2024-01-10T09:16:20","modified_gmt":"2024-01-10T14:16:20","slug":"brazo-hidraulico-geze-100kg","status":"publish","type":"product","link":"https:\/\/expoaluminiosas.com\/expoa\/producto\/brazo-hidraulico-geze-100kg\/","title":{"rendered":"BRAZO HIDRAULICO GEZE TS2000V"},"content":{"rendered":"<p>Brazo hidr\u00e1ulico GEZE con retencion opcional (100Kg)<\/p>\n","protected":false},"excerpt":{"rendered":"<p>Para puertas batientes de 100Kg m\u00e1ximo, ancho de hoja de hasta 1250 mm con fuerza de 2, 4 y 5 la velocidad de cierre se puede regular c\u00f3modamente. La regulaci\u00f3n del golpe se produce mediante el brazo. Retenci\u00f3n opcional entre 80\u00ba-120\u00ba. Recomendado para uso frecuente<\/p>\n","protected":false},"featured_media":15942,"comment_status":"closed","ping_status":"closed","template":"","meta":[],"product_cat":[1091,1092],"product_tag":[],"class_list":["post-14859","product","type-product","status-publish","has-post-thumbnail","hentry","product_cat-brazos-hidraulicos","product_cat-geze-brazos-hidraulicos"],"_links":{"self":[{"href":"https:\/\/expoaluminiosas.com\/expoa\/wp-json\/wp\/v2\/product\/14859","targetHints":{"allow":["GET"]}}],"collection":[{"href":"https:\/\/expoaluminiosas.com\/expoa\/wp-json\/wp\/v2\/product"}],"about":[{"href":"https:\/\/expoaluminiosas.com\/expoa\/wp-json\/wp\/v2\/types\/product"}],"replies":[{"embeddable":true,"href":"https:\/\/expoaluminiosas.com\/expoa\/wp-json\/wp\/v2\/comments?post=14859"}],"version-history":[{"count":3,"href":"https:\/\/expoaluminiosas.com\/expoa\/wp-json\/wp\/v2\/product\/14859\/revisions"}],"predecessor-version":[{"id":15943,"href":"https:\/\/expoaluminiosas.com\/expoa\/wp-json\/wp\/v2\/product\/14859\/revisions\/15943"}],"wp:featuredmedia":[{"embeddable":true,"href":"https:\/\/expoaluminiosas.com\/expoa\/wp-json\/wp\/v2\/media\/15942"}],"wp:attachment":[{"href":"https:\/\/expoaluminiosas.com\/expoa\/wp-json\/wp\/v2\/media?parent=14859"}],"wp:term":[{"taxonomy":"product_cat","embeddable":true,"href":"https:\/\/expoaluminiosas.com\/expoa\/wp-json\/wp\/v2\/product_cat?post=14859"},{"taxonomy":"product_tag","embeddable":true,"href":"https:\/\/expoaluminiosas.com\/expoa\/wp-json\/wp\/v2\/product_tag?post=14859"}],"curies":[{"name":"wp","href":"https:\/\/api.w.org\/{rel}","templated":true}]}}