


{"id":14865,"date":"2023-12-04T10:11:29","date_gmt":"2023-12-04T15:11:29","guid":{"rendered":"https:\/\/expoaluminiosas.com\/expoa\/producto\/bisagra-hidraulica-overseas-0301\/"},"modified":"2023-12-04T10:11:33","modified_gmt":"2023-12-04T15:11:33","slug":"bisagra-hidraulica-overseas-0301","status":"publish","type":"product","link":"https:\/\/expoaluminiosas.com\/expoa\/producto\/bisagra-hidraulica-overseas-0301\/","title":{"rendered":"BISAGRA HIDRAULICA OVERSEAS 0301"},"content":{"rendered":"<p>Bisagra hidr\u00e1ulica 0301 (80Kg) overseas<\/p>\n","protected":false},"excerpt":{"rendered":"<p>Para puertas batientes con peso hasta 80 kg. m\u00e1ximo, Dos v\u00e1lvulas que regulan la velocidad de cierre y velocidad de ajuste, trafico mediano, recomendado para \u00e1reas interiores<\/p>\n","protected":false},"featured_media":4814,"comment_status":"closed","ping_status":"open","template":"","meta":[],"product_cat":[1086,1093],"product_tag":[],"class_list":["post-14865","product","type-product","status-publish","has-post-thumbnail","hentry","product_cat-bisagras-hidraulicas","product_cat-overseas","pa_referencia-574"],"_links":{"self":[{"href":"https:\/\/expoaluminiosas.com\/expoa\/wp-json\/wp\/v2\/product\/14865","targetHints":{"allow":["GET"]}}],"collection":[{"href":"https:\/\/expoaluminiosas.com\/expoa\/wp-json\/wp\/v2\/product"}],"about":[{"href":"https:\/\/expoaluminiosas.com\/expoa\/wp-json\/wp\/v2\/types\/product"}],"replies":[{"embeddable":true,"href":"https:\/\/expoaluminiosas.com\/expoa\/wp-json\/wp\/v2\/comments?post=14865"}],"version-history":[{"count":1,"href":"https:\/\/expoaluminiosas.com\/expoa\/wp-json\/wp\/v2\/product\/14865\/revisions"}],"predecessor-version":[{"id":14866,"href":"https:\/\/expoaluminiosas.com\/expoa\/wp-json\/wp\/v2\/product\/14865\/revisions\/14866"}],"wp:featuredmedia":[{"embeddable":true,"href":"https:\/\/expoaluminiosas.com\/expoa\/wp-json\/wp\/v2\/media\/4814"}],"wp:attachment":[{"href":"https:\/\/expoaluminiosas.com\/expoa\/wp-json\/wp\/v2\/media?parent=14865"}],"wp:term":[{"taxonomy":"product_cat","embeddable":true,"href":"https:\/\/expoaluminiosas.com\/expoa\/wp-json\/wp\/v2\/product_cat?post=14865"},{"taxonomy":"product_tag","embeddable":true,"href":"https:\/\/expoaluminiosas.com\/expoa\/wp-json\/wp\/v2\/product_tag?post=14865"}],"curies":[{"name":"wp","href":"https:\/\/api.w.org\/{rel}","templated":true}]}}