


{"id":14873,"date":"2023-12-04T10:11:53","date_gmt":"2023-12-04T15:11:53","guid":{"rendered":"https:\/\/expoaluminiosas.com\/expoa\/producto\/brazo-hidraulico-serie-3005\/"},"modified":"2023-12-04T10:11:54","modified_gmt":"2023-12-04T15:11:54","slug":"brazo-hidraulico-serie-3005","status":"publish","type":"product","link":"https:\/\/expoaluminiosas.com\/expoa\/producto\/brazo-hidraulico-serie-3005\/","title":{"rendered":"BRAZO HIDRAULICO SERIE 3005"},"content":{"rendered":"<p>Brazo hidr\u00e1ulico serie 3005 (150Kg) Yale<\/p>\n","protected":false},"excerpt":{"rendered":"<p>Para puertas batientes de 150Kg m\u00e1ximo, Con 3 v\u00e1lvulas, dos para control de velocidad (inicio y cierre final) y una para control de apertura, ajustando freno hidr\u00e1ulico. Fuerza ajustable por regulaci\u00f3n de resortes de 1 a 6<\/p>\n","protected":false},"featured_media":4821,"comment_status":"closed","ping_status":"open","template":"","meta":[],"product_cat":[1091,1094],"product_tag":[],"class_list":["post-14873","product","type-product","status-publish","has-post-thumbnail","hentry","product_cat-brazos-hidraulicos","product_cat-yale-brazos-hidraulicos","pa_referencia-y-7019"],"_links":{"self":[{"href":"https:\/\/expoaluminiosas.com\/expoa\/wp-json\/wp\/v2\/product\/14873","targetHints":{"allow":["GET"]}}],"collection":[{"href":"https:\/\/expoaluminiosas.com\/expoa\/wp-json\/wp\/v2\/product"}],"about":[{"href":"https:\/\/expoaluminiosas.com\/expoa\/wp-json\/wp\/v2\/types\/product"}],"replies":[{"embeddable":true,"href":"https:\/\/expoaluminiosas.com\/expoa\/wp-json\/wp\/v2\/comments?post=14873"}],"version-history":[{"count":1,"href":"https:\/\/expoaluminiosas.com\/expoa\/wp-json\/wp\/v2\/product\/14873\/revisions"}],"predecessor-version":[{"id":14874,"href":"https:\/\/expoaluminiosas.com\/expoa\/wp-json\/wp\/v2\/product\/14873\/revisions\/14874"}],"wp:featuredmedia":[{"embeddable":true,"href":"https:\/\/expoaluminiosas.com\/expoa\/wp-json\/wp\/v2\/media\/4821"}],"wp:attachment":[{"href":"https:\/\/expoaluminiosas.com\/expoa\/wp-json\/wp\/v2\/media?parent=14873"}],"wp:term":[{"taxonomy":"product_cat","embeddable":true,"href":"https:\/\/expoaluminiosas.com\/expoa\/wp-json\/wp\/v2\/product_cat?post=14873"},{"taxonomy":"product_tag","embeddable":true,"href":"https:\/\/expoaluminiosas.com\/expoa\/wp-json\/wp\/v2\/product_tag?post=14873"}],"curies":[{"name":"wp","href":"https:\/\/api.w.org\/{rel}","templated":true}]}}