


{"id":14895,"date":"2023-12-04T10:11:53","date_gmt":"2023-12-04T15:11:53","guid":{"rendered":"https:\/\/expoaluminiosas.com\/expoa\/producto\/barra-orlando-1-punto\/"},"modified":"2023-12-04T10:11:56","modified_gmt":"2023-12-04T15:11:56","slug":"barra-orlando-1-punto","status":"publish","type":"product","link":"https:\/\/expoaluminiosas.com\/expoa\/producto\/barra-orlando-1-punto\/","title":{"rendered":"BARRA ORLANDO 1 PUNTO"},"content":{"rendered":"<p>Se puede instalar en puertas sencilla- El producto viene con una longitud est\u00e1ndar de 130cm ajustable. Utilice la manija ori\u00f3n espec\u00edficamente para nuestra Barra Orlando.<\/p>\n","protected":false},"excerpt":{"rendered":"<p>Resistente al fuego durante 3 horas con certificaci\u00f3n CE (Conformidad Europea). Utilice la manija ori\u00f3n espec\u00edficamente para Barra Orlando<\/p>\n","protected":false},"featured_media":5343,"comment_status":"closed","ping_status":"open","template":"","meta":[],"product_cat":[1098,1099],"product_tag":[],"class_list":["post-14895","product","type-product","status-publish","has-post-thumbnail","hentry","product_cat-barras-antipanico","product_cat-yale-barras-antipanico","pa_referencia-y-7132"],"_links":{"self":[{"href":"https:\/\/expoaluminiosas.com\/expoa\/wp-json\/wp\/v2\/product\/14895","targetHints":{"allow":["GET"]}}],"collection":[{"href":"https:\/\/expoaluminiosas.com\/expoa\/wp-json\/wp\/v2\/product"}],"about":[{"href":"https:\/\/expoaluminiosas.com\/expoa\/wp-json\/wp\/v2\/types\/product"}],"replies":[{"embeddable":true,"href":"https:\/\/expoaluminiosas.com\/expoa\/wp-json\/wp\/v2\/comments?post=14895"}],"version-history":[{"count":1,"href":"https:\/\/expoaluminiosas.com\/expoa\/wp-json\/wp\/v2\/product\/14895\/revisions"}],"predecessor-version":[{"id":14896,"href":"https:\/\/expoaluminiosas.com\/expoa\/wp-json\/wp\/v2\/product\/14895\/revisions\/14896"}],"wp:featuredmedia":[{"embeddable":true,"href":"https:\/\/expoaluminiosas.com\/expoa\/wp-json\/wp\/v2\/media\/5343"}],"wp:attachment":[{"href":"https:\/\/expoaluminiosas.com\/expoa\/wp-json\/wp\/v2\/media?parent=14895"}],"wp:term":[{"taxonomy":"product_cat","embeddable":true,"href":"https:\/\/expoaluminiosas.com\/expoa\/wp-json\/wp\/v2\/product_cat?post=14895"},{"taxonomy":"product_tag","embeddable":true,"href":"https:\/\/expoaluminiosas.com\/expoa\/wp-json\/wp\/v2\/product_tag?post=14895"}],"curies":[{"name":"wp","href":"https:\/\/api.w.org\/{rel}","templated":true}]}}