


{"id":14905,"date":"2023-12-04T10:11:53","date_gmt":"2023-12-04T15:11:53","guid":{"rendered":"https:\/\/expoaluminiosas.com\/expoa\/producto\/manija-versailles-tampa\/"},"modified":"2023-12-04T10:12:17","modified_gmt":"2023-12-04T15:12:17","slug":"manija-versailles-tampa","status":"publish","type":"product","link":"https:\/\/expoaluminiosas.com\/expoa\/producto\/manija-versailles-tampa\/","title":{"rendered":"MANIJA VERSAILLES (TAMPA)"},"content":{"rendered":"<p>Dise\u00f1ada para Barra antip\u00e1nico tampa, Disponible en versi\u00f3n para puertas de madera, metal y vidrio.<\/p>\n","protected":false},"excerpt":{"rendered":"<p>En color satin, con 3 llaves<\/p>\n","protected":false},"featured_media":5348,"comment_status":"closed","ping_status":"open","template":"","meta":[],"product_cat":[1098,1099],"product_tag":[],"class_list":["post-14905","product","type-product","status-publish","has-post-thumbnail","hentry","product_cat-barras-antipanico","product_cat-yale-barras-antipanico","pa_referencia-y-32017"],"_links":{"self":[{"href":"https:\/\/expoaluminiosas.com\/expoa\/wp-json\/wp\/v2\/product\/14905","targetHints":{"allow":["GET"]}}],"collection":[{"href":"https:\/\/expoaluminiosas.com\/expoa\/wp-json\/wp\/v2\/product"}],"about":[{"href":"https:\/\/expoaluminiosas.com\/expoa\/wp-json\/wp\/v2\/types\/product"}],"replies":[{"embeddable":true,"href":"https:\/\/expoaluminiosas.com\/expoa\/wp-json\/wp\/v2\/comments?post=14905"}],"version-history":[{"count":1,"href":"https:\/\/expoaluminiosas.com\/expoa\/wp-json\/wp\/v2\/product\/14905\/revisions"}],"predecessor-version":[{"id":14906,"href":"https:\/\/expoaluminiosas.com\/expoa\/wp-json\/wp\/v2\/product\/14905\/revisions\/14906"}],"wp:featuredmedia":[{"embeddable":true,"href":"https:\/\/expoaluminiosas.com\/expoa\/wp-json\/wp\/v2\/media\/5348"}],"wp:attachment":[{"href":"https:\/\/expoaluminiosas.com\/expoa\/wp-json\/wp\/v2\/media?parent=14905"}],"wp:term":[{"taxonomy":"product_cat","embeddable":true,"href":"https:\/\/expoaluminiosas.com\/expoa\/wp-json\/wp\/v2\/product_cat?post=14905"},{"taxonomy":"product_tag","embeddable":true,"href":"https:\/\/expoaluminiosas.com\/expoa\/wp-json\/wp\/v2\/product_tag?post=14905"}],"curies":[{"name":"wp","href":"https:\/\/api.w.org\/{rel}","templated":true}]}}