


{"id":15089,"date":"2023-12-04T10:14:17","date_gmt":"2023-12-04T15:14:17","guid":{"rendered":"https:\/\/expoaluminiosas.com\/expoa\/producto\/pu-fix-blanco-gris\/"},"modified":"2023-12-11T23:55:15","modified_gmt":"2023-12-12T04:55:15","slug":"pu-fix-blanco-gris","status":"publish","type":"product","link":"https:\/\/expoaluminiosas.com\/expoa\/producto\/pu-fix-blanco-gris\/","title":{"rendered":"PU FIX (BLANCO, GRIS)"},"content":{"rendered":"<p>Adhesivo multiuso,que se adhiere adiversos tipos demateriales como vidrio, aluminio concreto, maderas, m\u00e1rmol, cer\u00e1mica, aleaciones met\u00e1licas.<\/p>\n","protected":false},"excerpt":{"rendered":"<p>Tiene excelente resistencia acondiciones de lluvia, viento,rayos UV, Disponible encolor Blanco y Gris<\/p>\n","protected":false},"featured_media":15841,"comment_status":"closed","ping_status":"closed","template":"","meta":[],"product_cat":[1104,1105],"product_tag":[],"class_list":["post-15089","product","type-product","status-publish","has-post-thumbnail","hentry","product_cat-siliconas","product_cat-tek-bond","pa_referencia-pu-fix-pufix-b-pufix-g","pa_referencia-pufix-b","pa_referencia-pufix-g"],"_links":{"self":[{"href":"https:\/\/expoaluminiosas.com\/expoa\/wp-json\/wp\/v2\/product\/15089","targetHints":{"allow":["GET"]}}],"collection":[{"href":"https:\/\/expoaluminiosas.com\/expoa\/wp-json\/wp\/v2\/product"}],"about":[{"href":"https:\/\/expoaluminiosas.com\/expoa\/wp-json\/wp\/v2\/types\/product"}],"replies":[{"embeddable":true,"href":"https:\/\/expoaluminiosas.com\/expoa\/wp-json\/wp\/v2\/comments?post=15089"}],"version-history":[{"count":1,"href":"https:\/\/expoaluminiosas.com\/expoa\/wp-json\/wp\/v2\/product\/15089\/revisions"}],"predecessor-version":[{"id":15090,"href":"https:\/\/expoaluminiosas.com\/expoa\/wp-json\/wp\/v2\/product\/15089\/revisions\/15090"}],"wp:featuredmedia":[{"embeddable":true,"href":"https:\/\/expoaluminiosas.com\/expoa\/wp-json\/wp\/v2\/media\/15841"}],"wp:attachment":[{"href":"https:\/\/expoaluminiosas.com\/expoa\/wp-json\/wp\/v2\/media?parent=15089"}],"wp:term":[{"taxonomy":"product_cat","embeddable":true,"href":"https:\/\/expoaluminiosas.com\/expoa\/wp-json\/wp\/v2\/product_cat?post=15089"},{"taxonomy":"product_tag","embeddable":true,"href":"https:\/\/expoaluminiosas.com\/expoa\/wp-json\/wp\/v2\/product_tag?post=15089"}],"curies":[{"name":"wp","href":"https:\/\/api.w.org\/{rel}","templated":true}]}}