


{"id":15110,"date":"2023-12-04T10:14:35","date_gmt":"2023-12-04T15:14:35","guid":{"rendered":"https:\/\/expoaluminiosas.com\/expoa\/producto\/pu40-fixblanco-grisnegro\/"},"modified":"2023-12-06T18:19:28","modified_gmt":"2023-12-06T23:19:28","slug":"pu40-fixblanco-grisnegro","status":"publish","type":"product","link":"https:\/\/expoaluminiosas.com\/expoa\/producto\/pu40-fixblanco-grisnegro\/","title":{"rendered":"PU40 FIX"},"content":{"rendered":"<p>Adhesivo mono componente de alto desempe\u00f1o desarrollado para los sectores de construcci\u00f3n civil, arquitectura y decoraci\u00f3n se adhiere a diversos tipos de materiales con alto desempe\u00f1o, como concreto, piedras, maderas, m\u00e1rmoles, cer\u00e1micas, vidrios, aluminio, aleaciones met\u00e1licas, entre otros<\/p>\n","protected":false},"excerpt":{"rendered":"<p>Tiene excelente resistencia a condiciones atmosf\u00e9ricas como: lluvia, viento y rayos UV. Disponible en color blanco y gris<\/p>\n","protected":false},"featured_media":8040,"comment_status":"closed","ping_status":"closed","template":"","meta":[],"product_cat":[1104,1105],"product_tag":[],"class_list":["post-15110","product","type-product","status-publish","has-post-thumbnail","hentry","product_cat-siliconas","product_cat-tek-bond","pa_referencia-pu40-fix"],"_links":{"self":[{"href":"https:\/\/expoaluminiosas.com\/expoa\/wp-json\/wp\/v2\/product\/15110","targetHints":{"allow":["GET"]}}],"collection":[{"href":"https:\/\/expoaluminiosas.com\/expoa\/wp-json\/wp\/v2\/product"}],"about":[{"href":"https:\/\/expoaluminiosas.com\/expoa\/wp-json\/wp\/v2\/types\/product"}],"replies":[{"embeddable":true,"href":"https:\/\/expoaluminiosas.com\/expoa\/wp-json\/wp\/v2\/comments?post=15110"}],"version-history":[{"count":4,"href":"https:\/\/expoaluminiosas.com\/expoa\/wp-json\/wp\/v2\/product\/15110\/revisions"}],"predecessor-version":[{"id":15799,"href":"https:\/\/expoaluminiosas.com\/expoa\/wp-json\/wp\/v2\/product\/15110\/revisions\/15799"}],"wp:featuredmedia":[{"embeddable":true,"href":"https:\/\/expoaluminiosas.com\/expoa\/wp-json\/wp\/v2\/media\/8040"}],"wp:attachment":[{"href":"https:\/\/expoaluminiosas.com\/expoa\/wp-json\/wp\/v2\/media?parent=15110"}],"wp:term":[{"taxonomy":"product_cat","embeddable":true,"href":"https:\/\/expoaluminiosas.com\/expoa\/wp-json\/wp\/v2\/product_cat?post=15110"},{"taxonomy":"product_tag","embeddable":true,"href":"https:\/\/expoaluminiosas.com\/expoa\/wp-json\/wp\/v2\/product_tag?post=15110"}],"curies":[{"name":"wp","href":"https:\/\/api.w.org\/{rel}","templated":true}]}}