


{"id":15112,"date":"2023-12-04T10:14:35","date_gmt":"2023-12-04T15:14:35","guid":{"rendered":"https:\/\/expoaluminiosas.com\/expoa\/producto\/silicona-maxx\/"},"modified":"2023-12-04T10:14:37","modified_gmt":"2023-12-04T15:14:37","slug":"silicona-maxx","status":"publish","type":"product","link":"https:\/\/expoaluminiosas.com\/expoa\/producto\/silicona-maxx\/","title":{"rendered":"SILICONA MAXX"},"content":{"rendered":"<p>Es un adhesivo sellador de uso profesional de curado acetico y con alto grado de pureza.<\/p>\n","protected":false},"excerpt":{"rendered":"<p>formulado para lafabricaci\u00f3n y reparaci\u00f3ndeacuarios, sellado envitrinas, bebederos,cer\u00e1micas vitrificadas,superficies lisas engeneral.Disponible en colortransparente<\/p>\n","protected":false},"featured_media":8047,"comment_status":"closed","ping_status":"open","template":"","meta":[],"product_cat":[1104,1105],"product_tag":[],"class_list":["post-15112","product","type-product","status-publish","has-post-thumbnail","hentry","product_cat-siliconas","product_cat-tek-bond","pa_referencia-siliconamaxx"],"_links":{"self":[{"href":"https:\/\/expoaluminiosas.com\/expoa\/wp-json\/wp\/v2\/product\/15112","targetHints":{"allow":["GET"]}}],"collection":[{"href":"https:\/\/expoaluminiosas.com\/expoa\/wp-json\/wp\/v2\/product"}],"about":[{"href":"https:\/\/expoaluminiosas.com\/expoa\/wp-json\/wp\/v2\/types\/product"}],"replies":[{"embeddable":true,"href":"https:\/\/expoaluminiosas.com\/expoa\/wp-json\/wp\/v2\/comments?post=15112"}],"version-history":[{"count":1,"href":"https:\/\/expoaluminiosas.com\/expoa\/wp-json\/wp\/v2\/product\/15112\/revisions"}],"predecessor-version":[{"id":15113,"href":"https:\/\/expoaluminiosas.com\/expoa\/wp-json\/wp\/v2\/product\/15112\/revisions\/15113"}],"wp:featuredmedia":[{"embeddable":true,"href":"https:\/\/expoaluminiosas.com\/expoa\/wp-json\/wp\/v2\/media\/8047"}],"wp:attachment":[{"href":"https:\/\/expoaluminiosas.com\/expoa\/wp-json\/wp\/v2\/media?parent=15112"}],"wp:term":[{"taxonomy":"product_cat","embeddable":true,"href":"https:\/\/expoaluminiosas.com\/expoa\/wp-json\/wp\/v2\/product_cat?post=15112"},{"taxonomy":"product_tag","embeddable":true,"href":"https:\/\/expoaluminiosas.com\/expoa\/wp-json\/wp\/v2\/product_tag?post=15112"}],"curies":[{"name":"wp","href":"https:\/\/api.w.org\/{rel}","templated":true}]}}