


{"id":15116,"date":"2023-12-04T10:14:35","date_gmt":"2023-12-04T15:14:35","guid":{"rendered":"https:\/\/expoaluminiosas.com\/expoa\/producto\/esponja-magica\/"},"modified":"2023-12-04T10:14:37","modified_gmt":"2023-12-04T15:14:37","slug":"esponja-magica","status":"publish","type":"product","link":"https:\/\/expoaluminiosas.com\/expoa\/producto\/esponja-magica\/","title":{"rendered":"ESPONJA MAGICA"},"content":{"rendered":"<p>Esponja de pl\u00e1stico expandidoa base de melamina, es unproducto ecol\u00f3gico, no produce residuos, es inofensiva para el cuerpo humano y puede estar encontacto directo con alimentos. Es indicada para retirar manchas y suciedad en diversas superficies utilizando solamente agua, sin necesidad de usar productos de limpieza.<\/p>\n","protected":false},"excerpt":{"rendered":"<p>Retira manchas,rayones y suciedades del\u00e1pices de colores,pincel at\u00f3mico, marcasantiguas de manos enparedes, vidrios,espejos, cer\u00e1micas,pisos y mesas demadera, enchufes einterruptores, manchasde zapatos y otrosresiduos<\/p>\n","protected":false},"featured_media":8053,"comment_status":"closed","ping_status":"open","template":"","meta":[],"product_cat":[1104,1105],"product_tag":[],"class_list":["post-15116","product","type-product","status-publish","has-post-thumbnail","hentry","product_cat-siliconas","product_cat-tek-bond","pa_referencia-esponja-magica"],"_links":{"self":[{"href":"https:\/\/expoaluminiosas.com\/expoa\/wp-json\/wp\/v2\/product\/15116","targetHints":{"allow":["GET"]}}],"collection":[{"href":"https:\/\/expoaluminiosas.com\/expoa\/wp-json\/wp\/v2\/product"}],"about":[{"href":"https:\/\/expoaluminiosas.com\/expoa\/wp-json\/wp\/v2\/types\/product"}],"replies":[{"embeddable":true,"href":"https:\/\/expoaluminiosas.com\/expoa\/wp-json\/wp\/v2\/comments?post=15116"}],"version-history":[{"count":1,"href":"https:\/\/expoaluminiosas.com\/expoa\/wp-json\/wp\/v2\/product\/15116\/revisions"}],"predecessor-version":[{"id":15117,"href":"https:\/\/expoaluminiosas.com\/expoa\/wp-json\/wp\/v2\/product\/15116\/revisions\/15117"}],"wp:featuredmedia":[{"embeddable":true,"href":"https:\/\/expoaluminiosas.com\/expoa\/wp-json\/wp\/v2\/media\/8053"}],"wp:attachment":[{"href":"https:\/\/expoaluminiosas.com\/expoa\/wp-json\/wp\/v2\/media?parent=15116"}],"wp:term":[{"taxonomy":"product_cat","embeddable":true,"href":"https:\/\/expoaluminiosas.com\/expoa\/wp-json\/wp\/v2\/product_cat?post=15116"},{"taxonomy":"product_tag","embeddable":true,"href":"https:\/\/expoaluminiosas.com\/expoa\/wp-json\/wp\/v2\/product_tag?post=15116"}],"curies":[{"name":"wp","href":"https:\/\/api.w.org\/{rel}","templated":true}]}}