


{"id":15173,"date":"2023-12-04T10:15:13","date_gmt":"2023-12-04T15:15:13","guid":{"rendered":"https:\/\/expoaluminiosas.com\/expoa\/producto\/candado-italiano\/"},"modified":"2023-12-04T10:15:35","modified_gmt":"2023-12-04T15:15:35","slug":"candado-italiano","status":"publish","type":"product","link":"https:\/\/expoaluminiosas.com\/expoa\/producto\/candado-italiano\/","title":{"rendered":"CANDADO ITALIANO"},"content":{"rendered":"<p>Candado de seguridad, serie Italiana, Cilindro en lat\u00f3n con guardas antiganz\u00faa. Dos llaves en lat\u00f3n niqueladas con cinco claves. Protecci\u00f3n contra filtraciones de agua<\/p>\n","protected":false},"excerpt":{"rendered":"<p>La llave se puede extraer con el candado abierto o cerrado. Cuerpo en lat\u00f3n macizo pulido y lacado. Doble bloqueo.<\/p>\n","protected":false},"featured_media":7875,"comment_status":"closed","ping_status":"open","template":"","meta":[],"product_cat":[1224,1107],"product_tag":[],"class_list":["post-15173","product","type-product","status-publish","has-post-thumbnail","hentry","product_cat-candados","product_cat-ferreteria","pa_referencia-30mm-y-1101","pa_referencia-30mm-y-1101-40mm-y-1102-50mm-y-1103-60mm-y-1104-70mm-y-1105","pa_referencia-40mm-y-1102","pa_referencia-50mm-y-1103","pa_referencia-60mm-y-1104","pa_referencia-70mm-y-1105"],"_links":{"self":[{"href":"https:\/\/expoaluminiosas.com\/expoa\/wp-json\/wp\/v2\/product\/15173","targetHints":{"allow":["GET"]}}],"collection":[{"href":"https:\/\/expoaluminiosas.com\/expoa\/wp-json\/wp\/v2\/product"}],"about":[{"href":"https:\/\/expoaluminiosas.com\/expoa\/wp-json\/wp\/v2\/types\/product"}],"replies":[{"embeddable":true,"href":"https:\/\/expoaluminiosas.com\/expoa\/wp-json\/wp\/v2\/comments?post=15173"}],"version-history":[{"count":1,"href":"https:\/\/expoaluminiosas.com\/expoa\/wp-json\/wp\/v2\/product\/15173\/revisions"}],"predecessor-version":[{"id":15174,"href":"https:\/\/expoaluminiosas.com\/expoa\/wp-json\/wp\/v2\/product\/15173\/revisions\/15174"}],"wp:featuredmedia":[{"embeddable":true,"href":"https:\/\/expoaluminiosas.com\/expoa\/wp-json\/wp\/v2\/media\/7875"}],"wp:attachment":[{"href":"https:\/\/expoaluminiosas.com\/expoa\/wp-json\/wp\/v2\/media?parent=15173"}],"wp:term":[{"taxonomy":"product_cat","embeddable":true,"href":"https:\/\/expoaluminiosas.com\/expoa\/wp-json\/wp\/v2\/product_cat?post=15173"},{"taxonomy":"product_tag","embeddable":true,"href":"https:\/\/expoaluminiosas.com\/expoa\/wp-json\/wp\/v2\/product_tag?post=15173"}],"curies":[{"name":"wp","href":"https:\/\/api.w.org\/{rel}","templated":true}]}}