


{"id":15201,"date":"2023-12-04T10:15:31","date_gmt":"2023-12-04T15:15:31","guid":{"rendered":"https:\/\/expoaluminiosas.com\/expoa\/producto\/chazo-expansivo\/"},"modified":"2023-12-04T10:15:53","modified_gmt":"2023-12-04T15:15:53","slug":"chazo-expansivo","status":"publish","type":"product","link":"https:\/\/expoaluminiosas.com\/expoa\/producto\/chazo-expansivo\/","title":{"rendered":"CHAZO EXPANSIVO"},"content":{"rendered":"<p>Ideal para fijaci\u00f3n de estructuras, permitiendo la expansi\u00f3n y sujeci\u00f3n interna al ser instalada<\/p>\n","protected":false},"excerpt":{"rendered":"<p>Anclaje met\u00e1lico<\/p>\n","protected":false},"featured_media":13524,"comment_status":"closed","ping_status":"open","template":"","meta":[],"product_cat":[1110,1107],"product_tag":[],"class_list":["post-15201","product","type-product","status-publish","has-post-thumbnail","hentry","product_cat-chazo-expansivo","product_cat-ferreteria","pa_referencia-1-21-7-8","pa_referencia-1-22-1-2","pa_referencia-1-41-1-4-1-417-8-1-42-5-161-1-2-5-161-7-8-5-162-3-81-1-2-3-81-7-8-3-82-3-82-1-2-3-83-1-21-7-8-1-22-1-2","pa_referencia-1-42","pa_referencia-3-81-1-2","pa_referencia-3-81-7-8","pa_referencia-3-82-1-2","pa_referencia-3-83","pa_referencia-5-161-1-2","pa_referencia-5-161-7-8"],"_links":{"self":[{"href":"https:\/\/expoaluminiosas.com\/expoa\/wp-json\/wp\/v2\/product\/15201","targetHints":{"allow":["GET"]}}],"collection":[{"href":"https:\/\/expoaluminiosas.com\/expoa\/wp-json\/wp\/v2\/product"}],"about":[{"href":"https:\/\/expoaluminiosas.com\/expoa\/wp-json\/wp\/v2\/types\/product"}],"replies":[{"embeddable":true,"href":"https:\/\/expoaluminiosas.com\/expoa\/wp-json\/wp\/v2\/comments?post=15201"}],"version-history":[{"count":1,"href":"https:\/\/expoaluminiosas.com\/expoa\/wp-json\/wp\/v2\/product\/15201\/revisions"}],"predecessor-version":[{"id":15202,"href":"https:\/\/expoaluminiosas.com\/expoa\/wp-json\/wp\/v2\/product\/15201\/revisions\/15202"}],"wp:featuredmedia":[{"embeddable":true,"href":"https:\/\/expoaluminiosas.com\/expoa\/wp-json\/wp\/v2\/media\/13524"}],"wp:attachment":[{"href":"https:\/\/expoaluminiosas.com\/expoa\/wp-json\/wp\/v2\/media?parent=15201"}],"wp:term":[{"taxonomy":"product_cat","embeddable":true,"href":"https:\/\/expoaluminiosas.com\/expoa\/wp-json\/wp\/v2\/product_cat?post=15201"},{"taxonomy":"product_tag","embeddable":true,"href":"https:\/\/expoaluminiosas.com\/expoa\/wp-json\/wp\/v2\/product_tag?post=15201"}],"curies":[{"name":"wp","href":"https:\/\/api.w.org\/{rel}","templated":true}]}}