


{"id":15632,"date":"2023-12-04T10:20:49","date_gmt":"2023-12-04T15:20:49","guid":{"rendered":"https:\/\/expoaluminiosas.com\/expoa\/producto\/bisagra-aries-2p-st-010t26602\/"},"modified":"2023-12-04T10:20:52","modified_gmt":"2023-12-04T15:20:52","slug":"bisagra-aries-2p-st-010t26602","status":"publish","type":"product","link":"https:\/\/expoaluminiosas.com\/expoa\/producto\/bisagra-aries-2p-st-010t26602\/","title":{"rendered":"BISAGRA ARIES 2P ST-010T26602"},"content":{"rendered":"<p>Bisagra universal con regulaci\u00f3n milim\u00e9trica para perfiles de puerta<\/p>\n","protected":false},"excerpt":{"rendered":"<p>Distancia entre centros: 66.5 mil\u00edmetros (20 &#8211; 46.5). Regulaci\u00f3n milim\u00e9trica en 3 dimensiones e independientes entre s\u00ed. Sistema de fijaci\u00f3n directa al perfil a trav\u00e9s de tornillos. Disponibles calzos para series de perfil con resalte (010TS, 010CS). Disponible plantilla de taladrado que facilita el mecanizado (P-010-01)<\/p>\n","protected":false},"featured_media":13551,"comment_status":"closed","ping_status":"open","template":"","meta":[],"product_cat":[1232,1233],"product_tag":[],"class_list":["post-15632","product","type-product","status-publish","has-post-thumbnail","hentry","product_cat-linea-europea","product_cat-stac"],"_links":{"self":[{"href":"https:\/\/expoaluminiosas.com\/expoa\/wp-json\/wp\/v2\/product\/15632","targetHints":{"allow":["GET"]}}],"collection":[{"href":"https:\/\/expoaluminiosas.com\/expoa\/wp-json\/wp\/v2\/product"}],"about":[{"href":"https:\/\/expoaluminiosas.com\/expoa\/wp-json\/wp\/v2\/types\/product"}],"replies":[{"embeddable":true,"href":"https:\/\/expoaluminiosas.com\/expoa\/wp-json\/wp\/v2\/comments?post=15632"}],"version-history":[{"count":1,"href":"https:\/\/expoaluminiosas.com\/expoa\/wp-json\/wp\/v2\/product\/15632\/revisions"}],"predecessor-version":[{"id":15633,"href":"https:\/\/expoaluminiosas.com\/expoa\/wp-json\/wp\/v2\/product\/15632\/revisions\/15633"}],"wp:featuredmedia":[{"embeddable":true,"href":"https:\/\/expoaluminiosas.com\/expoa\/wp-json\/wp\/v2\/media\/13551"}],"wp:attachment":[{"href":"https:\/\/expoaluminiosas.com\/expoa\/wp-json\/wp\/v2\/media?parent=15632"}],"wp:term":[{"taxonomy":"product_cat","embeddable":true,"href":"https:\/\/expoaluminiosas.com\/expoa\/wp-json\/wp\/v2\/product_cat?post=15632"},{"taxonomy":"product_tag","embeddable":true,"href":"https:\/\/expoaluminiosas.com\/expoa\/wp-json\/wp\/v2\/product_tag?post=15632"}],"curies":[{"name":"wp","href":"https:\/\/api.w.org\/{rel}","templated":true}]}}