


{"id":15636,"date":"2023-12-04T10:20:49","date_gmt":"2023-12-04T15:20:49","guid":{"rendered":"https:\/\/expoaluminiosas.com\/expoa\/producto\/bisagra-de-ventana-norma-eco-st024i01\/"},"modified":"2023-12-04T10:20:54","modified_gmt":"2023-12-04T15:20:54","slug":"bisagra-de-ventana-norma-eco-st024i01","status":"publish","type":"product","link":"https:\/\/expoaluminiosas.com\/expoa\/producto\/bisagra-de-ventana-norma-eco-st024i01\/","title":{"rendered":"BISAGRA DE VENTANA NORMA ECO ST024I01"},"content":{"rendered":"<p>Bisagra para perfiles de ventana con Canal Europeo<\/p>\n","protected":false},"excerpt":{"rendered":"<p>Carga m\u00e1xima de 60 kg con 2 bisagras y de 75 kg con 3 bisagras. Bisagra automontable: la geometr\u00eda de las palas y contraplacas permiten el montaje directo sin acanalar. La pala marco es universal para ajustarse a la mayor\u00eda de los perfiles de marco con Canal Europeo. Bul\u00f3n exc\u00e9ntrico que permite regulaci\u00f3n horizontal y de apriete. Se suministra con contraplaca de zamak.<\/p>\n","protected":false},"featured_media":13553,"comment_status":"closed","ping_status":"open","template":"","meta":[],"product_cat":[1232,1233],"product_tag":[],"class_list":["post-15636","product","type-product","status-publish","has-post-thumbnail","hentry","product_cat-linea-europea","product_cat-stac","pa_referencia-st-024d02-negra","pa_referencia-st-024d02-silver","pa_referencia-st-024i01-negra","pa_referencia-st-024i01-silver","pa_referencia-st-024i01-silver-st-024d02-silver-st-024i01-negra-st-024d02-negra"],"_links":{"self":[{"href":"https:\/\/expoaluminiosas.com\/expoa\/wp-json\/wp\/v2\/product\/15636","targetHints":{"allow":["GET"]}}],"collection":[{"href":"https:\/\/expoaluminiosas.com\/expoa\/wp-json\/wp\/v2\/product"}],"about":[{"href":"https:\/\/expoaluminiosas.com\/expoa\/wp-json\/wp\/v2\/types\/product"}],"replies":[{"embeddable":true,"href":"https:\/\/expoaluminiosas.com\/expoa\/wp-json\/wp\/v2\/comments?post=15636"}],"version-history":[{"count":1,"href":"https:\/\/expoaluminiosas.com\/expoa\/wp-json\/wp\/v2\/product\/15636\/revisions"}],"predecessor-version":[{"id":15637,"href":"https:\/\/expoaluminiosas.com\/expoa\/wp-json\/wp\/v2\/product\/15636\/revisions\/15637"}],"wp:featuredmedia":[{"embeddable":true,"href":"https:\/\/expoaluminiosas.com\/expoa\/wp-json\/wp\/v2\/media\/13553"}],"wp:attachment":[{"href":"https:\/\/expoaluminiosas.com\/expoa\/wp-json\/wp\/v2\/media?parent=15636"}],"wp:term":[{"taxonomy":"product_cat","embeddable":true,"href":"https:\/\/expoaluminiosas.com\/expoa\/wp-json\/wp\/v2\/product_cat?post=15636"},{"taxonomy":"product_tag","embeddable":true,"href":"https:\/\/expoaluminiosas.com\/expoa\/wp-json\/wp\/v2\/product_tag?post=15636"}],"curies":[{"name":"wp","href":"https:\/\/api.w.org\/{rel}","templated":true}]}}