


{"id":15650,"date":"2023-12-04T10:21:11","date_gmt":"2023-12-04T15:21:11","guid":{"rendered":"https:\/\/expoaluminiosas.com\/expoa\/producto\/juego-manilla-delta-st-700502\/"},"modified":"2023-12-04T10:21:12","modified_gmt":"2023-12-04T15:21:12","slug":"juego-manilla-delta-st-700502","status":"publish","type":"product","link":"https:\/\/expoaluminiosas.com\/expoa\/producto\/juego-manilla-delta-st-700502\/","title":{"rendered":"JUEGO MANILLA DELTA ST-700502"},"content":{"rendered":"<p>Juego de manillas con mecanismo de transmisi\u00f3n reforzado.<\/p>\n","protected":false},"excerpt":{"rendered":"<p>Sistema de accionamiento mediante muelle de m\u00e1xima recuperaci\u00f3n. La manilla es ambidiestra y se suministra con cuadradillo de acero zincado de 8 x 129 mm. La base del mecanismo de transmisi\u00f3n permite la fijaci\u00f3n de hasta 4 tornillos con doble posicionamiento cada uno. La base del mecanismo de transmisi\u00f3n ha sido reforzada a trav\u00e9s de su fabricaci\u00f3n en zamak, otorgando mayor dureza y resistencia a la base.<\/p>\n","protected":false},"featured_media":13555,"comment_status":"closed","ping_status":"open","template":"","meta":[],"product_cat":[1232,1233],"product_tag":[],"class_list":["post-15650","product","type-product","status-publish","has-post-thumbnail","hentry","product_cat-linea-europea","product_cat-stac","pa_referencia-st-700502"],"_links":{"self":[{"href":"https:\/\/expoaluminiosas.com\/expoa\/wp-json\/wp\/v2\/product\/15650","targetHints":{"allow":["GET"]}}],"collection":[{"href":"https:\/\/expoaluminiosas.com\/expoa\/wp-json\/wp\/v2\/product"}],"about":[{"href":"https:\/\/expoaluminiosas.com\/expoa\/wp-json\/wp\/v2\/types\/product"}],"replies":[{"embeddable":true,"href":"https:\/\/expoaluminiosas.com\/expoa\/wp-json\/wp\/v2\/comments?post=15650"}],"version-history":[{"count":1,"href":"https:\/\/expoaluminiosas.com\/expoa\/wp-json\/wp\/v2\/product\/15650\/revisions"}],"predecessor-version":[{"id":15651,"href":"https:\/\/expoaluminiosas.com\/expoa\/wp-json\/wp\/v2\/product\/15650\/revisions\/15651"}],"wp:featuredmedia":[{"embeddable":true,"href":"https:\/\/expoaluminiosas.com\/expoa\/wp-json\/wp\/v2\/media\/13555"}],"wp:attachment":[{"href":"https:\/\/expoaluminiosas.com\/expoa\/wp-json\/wp\/v2\/media?parent=15650"}],"wp:term":[{"taxonomy":"product_cat","embeddable":true,"href":"https:\/\/expoaluminiosas.com\/expoa\/wp-json\/wp\/v2\/product_cat?post=15650"},{"taxonomy":"product_tag","embeddable":true,"href":"https:\/\/expoaluminiosas.com\/expoa\/wp-json\/wp\/v2\/product_tag?post=15650"}],"curies":[{"name":"wp","href":"https:\/\/api.w.org\/{rel}","templated":true}]}}