


{"id":15652,"date":"2023-12-04T10:21:11","date_gmt":"2023-12-04T15:21:11","guid":{"rendered":"https:\/\/expoaluminiosas.com\/expoa\/producto\/escudo-embellecedor-sirius\/"},"modified":"2023-12-04T10:21:16","modified_gmt":"2023-12-04T15:21:16","slug":"escudo-embellecedor-sirius","status":"publish","type":"product","link":"https:\/\/expoaluminiosas.com\/expoa\/producto\/escudo-embellecedor-sirius\/","title":{"rendered":"ESCUDO EMBELLECEDOR SIRIUS"},"content":{"rendered":"<p>Embellecedor v\u00e1lido para cerraduras con cilindro europeo est\u00e1ndar.<\/p>\n","protected":false},"excerpt":{"rendered":"<p>Profundidad del embellecedor de 8.7 mil\u00edmetros. El dise\u00f1o de la tapa cubre tornillos permite ocultar el sistema de fijaci\u00f3n. La referencia no incluye cilindro europeo.<\/p>\n","protected":false},"featured_media":13556,"comment_status":"closed","ping_status":"open","template":"","meta":[],"product_cat":[1232,1233],"product_tag":[],"class_list":["post-15652","product","type-product","status-publish","has-post-thumbnail","hentry","product_cat-linea-europea","product_cat-stac"],"_links":{"self":[{"href":"https:\/\/expoaluminiosas.com\/expoa\/wp-json\/wp\/v2\/product\/15652","targetHints":{"allow":["GET"]}}],"collection":[{"href":"https:\/\/expoaluminiosas.com\/expoa\/wp-json\/wp\/v2\/product"}],"about":[{"href":"https:\/\/expoaluminiosas.com\/expoa\/wp-json\/wp\/v2\/types\/product"}],"replies":[{"embeddable":true,"href":"https:\/\/expoaluminiosas.com\/expoa\/wp-json\/wp\/v2\/comments?post=15652"}],"version-history":[{"count":1,"href":"https:\/\/expoaluminiosas.com\/expoa\/wp-json\/wp\/v2\/product\/15652\/revisions"}],"predecessor-version":[{"id":15653,"href":"https:\/\/expoaluminiosas.com\/expoa\/wp-json\/wp\/v2\/product\/15652\/revisions\/15653"}],"wp:featuredmedia":[{"embeddable":true,"href":"https:\/\/expoaluminiosas.com\/expoa\/wp-json\/wp\/v2\/media\/13556"}],"wp:attachment":[{"href":"https:\/\/expoaluminiosas.com\/expoa\/wp-json\/wp\/v2\/media?parent=15652"}],"wp:term":[{"taxonomy":"product_cat","embeddable":true,"href":"https:\/\/expoaluminiosas.com\/expoa\/wp-json\/wp\/v2\/product_cat?post=15652"},{"taxonomy":"product_tag","embeddable":true,"href":"https:\/\/expoaluminiosas.com\/expoa\/wp-json\/wp\/v2\/product_tag?post=15652"}],"curies":[{"name":"wp","href":"https:\/\/api.w.org\/{rel}","templated":true}]}}