


{"id":15669,"date":"2023-12-04T10:21:11","date_gmt":"2023-12-04T15:21:11","guid":{"rendered":"https:\/\/expoaluminiosas.com\/expoa\/producto\/compas-oscilo-pequeno-st-b1-10302\/"},"modified":"2023-12-04T10:21:14","modified_gmt":"2023-12-04T15:21:14","slug":"compas-oscilo-pequeno-st-b1-10302","status":"publish","type":"product","link":"https:\/\/expoaluminiosas.com\/expoa\/producto\/compas-oscilo-pequeno-st-b1-10302\/","title":{"rendered":"COMPAS OSCILO PEQUE\u00d1O ST-B1 10302"},"content":{"rendered":"<p>Comp\u00e1s para perfiles de Canal Europeo que permite realizar aperturas oscilobatientes en combinaci\u00f3n con diferentes accesorios<\/p>\n","protected":false},"excerpt":{"rendered":"<p>Referencia v\u00e1lida para configuraciones oscilo batientes de cierre al inversor y cierre al marco. Se suministra con exc\u00e9ntrica encasquillada que permite la regulaci\u00f3n de la presi\u00f3n de cierre. Los elementos deslizantes incorporan un clip anti holguras.<\/p>\n","protected":false},"featured_media":13562,"comment_status":"closed","ping_status":"open","template":"","meta":[],"product_cat":[1232,1233],"product_tag":[],"class_list":["post-15669","product","type-product","status-publish","has-post-thumbnail","hentry","product_cat-linea-europea","product_cat-stac","pa_referencia-st-b1-10302"],"_links":{"self":[{"href":"https:\/\/expoaluminiosas.com\/expoa\/wp-json\/wp\/v2\/product\/15669","targetHints":{"allow":["GET"]}}],"collection":[{"href":"https:\/\/expoaluminiosas.com\/expoa\/wp-json\/wp\/v2\/product"}],"about":[{"href":"https:\/\/expoaluminiosas.com\/expoa\/wp-json\/wp\/v2\/types\/product"}],"replies":[{"embeddable":true,"href":"https:\/\/expoaluminiosas.com\/expoa\/wp-json\/wp\/v2\/comments?post=15669"}],"version-history":[{"count":1,"href":"https:\/\/expoaluminiosas.com\/expoa\/wp-json\/wp\/v2\/product\/15669\/revisions"}],"predecessor-version":[{"id":15670,"href":"https:\/\/expoaluminiosas.com\/expoa\/wp-json\/wp\/v2\/product\/15669\/revisions\/15670"}],"wp:featuredmedia":[{"embeddable":true,"href":"https:\/\/expoaluminiosas.com\/expoa\/wp-json\/wp\/v2\/media\/13562"}],"wp:attachment":[{"href":"https:\/\/expoaluminiosas.com\/expoa\/wp-json\/wp\/v2\/media?parent=15669"}],"wp:term":[{"taxonomy":"product_cat","embeddable":true,"href":"https:\/\/expoaluminiosas.com\/expoa\/wp-json\/wp\/v2\/product_cat?post=15669"},{"taxonomy":"product_tag","embeddable":true,"href":"https:\/\/expoaluminiosas.com\/expoa\/wp-json\/wp\/v2\/product_tag?post=15669"}],"curies":[{"name":"wp","href":"https:\/\/api.w.org\/{rel}","templated":true}]}}