


{"id":15671,"date":"2023-12-04T10:21:11","date_gmt":"2023-12-04T15:21:11","guid":{"rendered":"https:\/\/expoaluminiosas.com\/expoa\/producto\/multipunto-ecogua-15-largo-600-st-s05210600\/"},"modified":"2023-12-04T10:21:15","modified_gmt":"2023-12-04T15:21:15","slug":"multipunto-ecogua-15-largo-600-st-s05210600","status":"publish","type":"product","link":"https:\/\/expoaluminiosas.com\/expoa\/producto\/multipunto-ecogua-15-largo-600-st-s05210600\/","title":{"rendered":"MULTIPUNTO ECOGUA 15 LARGO 600 ST-S05210600"},"content":{"rendered":"<p>Cierre multipunto para ventanas correderas con aguja de 15 mil\u00edmetros y puntos de cierre en acero zincado.<\/p>\n","protected":false},"excerpt":{"rendered":"<p>Se suministra con longitud de 600 mil\u00edmetros y 2 puntos de cierre. Altura m\u00ednima de hoja: 750 mil\u00edmetros. El cierre multipunto no es compatible con la posici\u00f3n de aireaci\u00f3n. Sistema anti-elevaci\u00f3n que evita el desmontaje de la hoja cuando se halla en posici\u00f3n de cerrado. Tope de amortiguaci\u00f3n que evita el golpeo directo de la hoja contra el marco met\u00e1lico.<\/p>\n","protected":false},"featured_media":13564,"comment_status":"closed","ping_status":"open","template":"","meta":[],"product_cat":[1232,1233],"product_tag":[],"class_list":["post-15671","product","type-product","status-publish","has-post-thumbnail","hentry","product_cat-linea-europea","product_cat-stac","pa_referencia-st-s05210600"],"_links":{"self":[{"href":"https:\/\/expoaluminiosas.com\/expoa\/wp-json\/wp\/v2\/product\/15671","targetHints":{"allow":["GET"]}}],"collection":[{"href":"https:\/\/expoaluminiosas.com\/expoa\/wp-json\/wp\/v2\/product"}],"about":[{"href":"https:\/\/expoaluminiosas.com\/expoa\/wp-json\/wp\/v2\/types\/product"}],"replies":[{"embeddable":true,"href":"https:\/\/expoaluminiosas.com\/expoa\/wp-json\/wp\/v2\/comments?post=15671"}],"version-history":[{"count":1,"href":"https:\/\/expoaluminiosas.com\/expoa\/wp-json\/wp\/v2\/product\/15671\/revisions"}],"predecessor-version":[{"id":15672,"href":"https:\/\/expoaluminiosas.com\/expoa\/wp-json\/wp\/v2\/product\/15671\/revisions\/15672"}],"wp:featuredmedia":[{"embeddable":true,"href":"https:\/\/expoaluminiosas.com\/expoa\/wp-json\/wp\/v2\/media\/13564"}],"wp:attachment":[{"href":"https:\/\/expoaluminiosas.com\/expoa\/wp-json\/wp\/v2\/media?parent=15671"}],"wp:term":[{"taxonomy":"product_cat","embeddable":true,"href":"https:\/\/expoaluminiosas.com\/expoa\/wp-json\/wp\/v2\/product_cat?post=15671"},{"taxonomy":"product_tag","embeddable":true,"href":"https:\/\/expoaluminiosas.com\/expoa\/wp-json\/wp\/v2\/product_tag?post=15671"}],"curies":[{"name":"wp","href":"https:\/\/api.w.org\/{rel}","templated":true}]}}