


{"id":15675,"date":"2023-12-04T10:21:11","date_gmt":"2023-12-04T15:21:11","guid":{"rendered":"https:\/\/expoaluminiosas.com\/expoa\/producto\/multipunto-con-llave-mv-a15-1800-st-m05231800\/"},"modified":"2023-12-04T10:21:15","modified_gmt":"2023-12-04T15:21:15","slug":"multipunto-con-llave-mv-a15-1800-st-m05231800","status":"publish","type":"product","link":"https:\/\/expoaluminiosas.com\/expoa\/producto\/multipunto-con-llave-mv-a15-1800-st-m05231800\/","title":{"rendered":"MULTIPUNTO CON LLAVE (MV) A15 1800 ST-M05231800"},"content":{"rendered":"<p>Cierre multipunto para ventanas correderas con aguja de 15 mil\u00edmetros y cerradura para cilindro europeo con leva larga de 15 mil\u00edmetros.<\/p>\n","protected":false},"excerpt":{"rendered":"<p>Se suministra con longitud de 1800 mil\u00edmetros y 4 puntos de cierre. Altura m\u00ednima de hoja: 1950 mil\u00edmetros. Compatible con las manillas est\u00e1ndar (cuadradillo de 7 mm) permitiendo la posici\u00f3n de aireaci\u00f3n. Especialmente dise\u00f1ado para puertas balconeras con acceso a la calle. Equipado con sistema anti-elevaci\u00f3n que evita el desmontaje de la hoja cuando se halla en posici\u00f3n de cerrado. Acabado de protecci\u00f3n anticorrosi\u00f3n para entornos de alta salinidad.<\/p>\n","protected":false},"featured_media":13565,"comment_status":"closed","ping_status":"open","template":"","meta":[],"product_cat":[1232,1233],"product_tag":[],"class_list":["post-15675","product","type-product","status-publish","has-post-thumbnail","hentry","product_cat-linea-europea","product_cat-stac","pa_referencia-st-m05231800"],"_links":{"self":[{"href":"https:\/\/expoaluminiosas.com\/expoa\/wp-json\/wp\/v2\/product\/15675","targetHints":{"allow":["GET"]}}],"collection":[{"href":"https:\/\/expoaluminiosas.com\/expoa\/wp-json\/wp\/v2\/product"}],"about":[{"href":"https:\/\/expoaluminiosas.com\/expoa\/wp-json\/wp\/v2\/types\/product"}],"replies":[{"embeddable":true,"href":"https:\/\/expoaluminiosas.com\/expoa\/wp-json\/wp\/v2\/comments?post=15675"}],"version-history":[{"count":1,"href":"https:\/\/expoaluminiosas.com\/expoa\/wp-json\/wp\/v2\/product\/15675\/revisions"}],"predecessor-version":[{"id":15676,"href":"https:\/\/expoaluminiosas.com\/expoa\/wp-json\/wp\/v2\/product\/15675\/revisions\/15676"}],"wp:featuredmedia":[{"embeddable":true,"href":"https:\/\/expoaluminiosas.com\/expoa\/wp-json\/wp\/v2\/media\/13565"}],"wp:attachment":[{"href":"https:\/\/expoaluminiosas.com\/expoa\/wp-json\/wp\/v2\/media?parent=15675"}],"wp:term":[{"taxonomy":"product_cat","embeddable":true,"href":"https:\/\/expoaluminiosas.com\/expoa\/wp-json\/wp\/v2\/product_cat?post=15675"},{"taxonomy":"product_tag","embeddable":true,"href":"https:\/\/expoaluminiosas.com\/expoa\/wp-json\/wp\/v2\/product_tag?post=15675"}],"curies":[{"name":"wp","href":"https:\/\/api.w.org\/{rel}","templated":true}]}}