


{"id":15726,"date":"2023-12-04T10:21:57","date_gmt":"2023-12-04T15:21:57","guid":{"rendered":"https:\/\/expoaluminiosas.com\/expoa\/producto\/kit-de-apertura-exterior\/"},"modified":"2023-12-04T10:21:59","modified_gmt":"2023-12-04T15:21:59","slug":"kit-de-apertura-exterior","status":"publish","type":"product","link":"https:\/\/expoaluminiosas.com\/expoa\/producto\/kit-de-apertura-exterior\/","title":{"rendered":"KIT DE APERTURA EXTERIOR"},"content":{"rendered":"<p>Kit de accesorios que permiten realizar la transmisi\u00f3n del movimiento en ventanas de apertura exterior.<\/p>\n","protected":false},"excerpt":{"rendered":"<p>Se suministra con bul\u00f3n especial (ref. 07129). Kit compuesto por piezas de transmisi\u00f3n, deslizaderas, puntos de cierre con regulaci\u00f3n y arandelas de aumento a \u00d88. Disponibles kits de transmisi\u00f3n compuestos por una pieza de transmisi\u00f3n con bul\u00f3n corto (ref. 074K01) o con bul\u00f3n largo (ref. 075K01).<\/p>\n","protected":false},"featured_media":13574,"comment_status":"closed","ping_status":"open","template":"","meta":[],"product_cat":[1232,1233],"product_tag":[],"class_list":["post-15726","product","type-product","status-publish","has-post-thumbnail","hentry","product_cat-linea-europea","product_cat-stac","pa_referencia-st-075k01ce1"],"_links":{"self":[{"href":"https:\/\/expoaluminiosas.com\/expoa\/wp-json\/wp\/v2\/product\/15726","targetHints":{"allow":["GET"]}}],"collection":[{"href":"https:\/\/expoaluminiosas.com\/expoa\/wp-json\/wp\/v2\/product"}],"about":[{"href":"https:\/\/expoaluminiosas.com\/expoa\/wp-json\/wp\/v2\/types\/product"}],"replies":[{"embeddable":true,"href":"https:\/\/expoaluminiosas.com\/expoa\/wp-json\/wp\/v2\/comments?post=15726"}],"version-history":[{"count":1,"href":"https:\/\/expoaluminiosas.com\/expoa\/wp-json\/wp\/v2\/product\/15726\/revisions"}],"predecessor-version":[{"id":15727,"href":"https:\/\/expoaluminiosas.com\/expoa\/wp-json\/wp\/v2\/product\/15726\/revisions\/15727"}],"wp:featuredmedia":[{"embeddable":true,"href":"https:\/\/expoaluminiosas.com\/expoa\/wp-json\/wp\/v2\/media\/13574"}],"wp:attachment":[{"href":"https:\/\/expoaluminiosas.com\/expoa\/wp-json\/wp\/v2\/media?parent=15726"}],"wp:term":[{"taxonomy":"product_cat","embeddable":true,"href":"https:\/\/expoaluminiosas.com\/expoa\/wp-json\/wp\/v2\/product_cat?post=15726"},{"taxonomy":"product_tag","embeddable":true,"href":"https:\/\/expoaluminiosas.com\/expoa\/wp-json\/wp\/v2\/product_tag?post=15726"}],"curies":[{"name":"wp","href":"https:\/\/api.w.org\/{rel}","templated":true}]}}