


{"id":15728,"date":"2023-12-04T10:21:57","date_gmt":"2023-12-04T15:21:57","guid":{"rendered":"https:\/\/expoaluminiosas.com\/expoa\/producto\/cierre-fenix\/"},"modified":"2023-12-04T10:22:01","modified_gmt":"2023-12-04T15:22:01","slug":"cierre-fenix","status":"publish","type":"product","link":"https:\/\/expoaluminiosas.com\/expoa\/producto\/cierre-fenix\/","title":{"rendered":"CIERRE FENIX"},"content":{"rendered":"<p>Cierre autom\u00e1tico auto montable que permite la apertura de ventanas correderas.<\/p>\n","protected":false},"excerpt":{"rendered":"<p>Permite realizar el cruce y superposici\u00f3n de las hojas. Fijaci\u00f3n al perfil sin tornillos presionando en la parte inferior. Sistema de amortiguaci\u00f3n en el gancho que permite su descenso en el momento de cerrar la hoja permaneciendo el bot\u00f3n pulsador est\u00e1tico.<\/p>\n","protected":false},"featured_media":13575,"comment_status":"closed","ping_status":"open","template":"","meta":[],"product_cat":[1232,1233],"product_tag":[],"class_list":["post-15728","product","type-product","status-publish","has-post-thumbnail","hentry","product_cat-linea-europea","product_cat-stac","pa_referencia-st-b0220001-blanco","pa_referencia-st-b0330002-negro","pa_referencia-st-b0330002-negro-st-b0330091-silver-st-b0220001-blanco","pa_referencia-st-b0330091-silver"],"_links":{"self":[{"href":"https:\/\/expoaluminiosas.com\/expoa\/wp-json\/wp\/v2\/product\/15728","targetHints":{"allow":["GET"]}}],"collection":[{"href":"https:\/\/expoaluminiosas.com\/expoa\/wp-json\/wp\/v2\/product"}],"about":[{"href":"https:\/\/expoaluminiosas.com\/expoa\/wp-json\/wp\/v2\/types\/product"}],"replies":[{"embeddable":true,"href":"https:\/\/expoaluminiosas.com\/expoa\/wp-json\/wp\/v2\/comments?post=15728"}],"version-history":[{"count":1,"href":"https:\/\/expoaluminiosas.com\/expoa\/wp-json\/wp\/v2\/product\/15728\/revisions"}],"predecessor-version":[{"id":15729,"href":"https:\/\/expoaluminiosas.com\/expoa\/wp-json\/wp\/v2\/product\/15728\/revisions\/15729"}],"wp:featuredmedia":[{"embeddable":true,"href":"https:\/\/expoaluminiosas.com\/expoa\/wp-json\/wp\/v2\/media\/13575"}],"wp:attachment":[{"href":"https:\/\/expoaluminiosas.com\/expoa\/wp-json\/wp\/v2\/media?parent=15728"}],"wp:term":[{"taxonomy":"product_cat","embeddable":true,"href":"https:\/\/expoaluminiosas.com\/expoa\/wp-json\/wp\/v2\/product_cat?post=15728"},{"taxonomy":"product_tag","embeddable":true,"href":"https:\/\/expoaluminiosas.com\/expoa\/wp-json\/wp\/v2\/product_tag?post=15728"}],"curies":[{"name":"wp","href":"https:\/\/api.w.org\/{rel}","templated":true}]}}