


{"id":15733,"date":"2023-12-04T10:21:57","date_gmt":"2023-12-04T15:21:57","guid":{"rendered":"https:\/\/expoaluminiosas.com\/expoa\/producto\/cierre-titan\/"},"modified":"2023-12-04T10:22:20","modified_gmt":"2023-12-04T15:22:20","slug":"cierre-titan","status":"publish","type":"product","link":"https:\/\/expoaluminiosas.com\/expoa\/producto\/cierre-titan\/","title":{"rendered":"CIERRE TITAN"},"content":{"rendered":"<p>Cierre auto montable que permite la apertura de ventanas correderas.<\/p>\n","protected":false},"excerpt":{"rendered":"<p>Permite realizar el cruce y superposici\u00f3n de las hojas. Ensamblado para funcionamiento en autom\u00e1tico, es posible pasar a funci\u00f3n manual retirando un muelle. Regulaci\u00f3n del gancho mediante acceso directo desde la parte frontal del cierre. Sistema de retenci\u00f3n mediante tornillo prisionero para impedir el desmontaje. Ensamblaje manual sin necesidad de utilizar maquinaria especial.<\/p>\n","protected":false},"featured_media":13576,"comment_status":"closed","ping_status":"open","template":"","meta":[],"product_cat":[1232,1233],"product_tag":[],"class_list":["post-15733","product","type-product","status-publish","has-post-thumbnail","hentry","product_cat-linea-europea","product_cat-stac","pa_referencia-st-3400002-blanco","pa_referencia-st-3400002-negro","pa_referencia-st-3400091-silver","pa_referencia-st-3400091-silver-st-3400002-negro-st-3400002-blanco"],"_links":{"self":[{"href":"https:\/\/expoaluminiosas.com\/expoa\/wp-json\/wp\/v2\/product\/15733","targetHints":{"allow":["GET"]}}],"collection":[{"href":"https:\/\/expoaluminiosas.com\/expoa\/wp-json\/wp\/v2\/product"}],"about":[{"href":"https:\/\/expoaluminiosas.com\/expoa\/wp-json\/wp\/v2\/types\/product"}],"replies":[{"embeddable":true,"href":"https:\/\/expoaluminiosas.com\/expoa\/wp-json\/wp\/v2\/comments?post=15733"}],"version-history":[{"count":1,"href":"https:\/\/expoaluminiosas.com\/expoa\/wp-json\/wp\/v2\/product\/15733\/revisions"}],"predecessor-version":[{"id":15734,"href":"https:\/\/expoaluminiosas.com\/expoa\/wp-json\/wp\/v2\/product\/15733\/revisions\/15734"}],"wp:featuredmedia":[{"embeddable":true,"href":"https:\/\/expoaluminiosas.com\/expoa\/wp-json\/wp\/v2\/media\/13576"}],"wp:attachment":[{"href":"https:\/\/expoaluminiosas.com\/expoa\/wp-json\/wp\/v2\/media?parent=15733"}],"wp:term":[{"taxonomy":"product_cat","embeddable":true,"href":"https:\/\/expoaluminiosas.com\/expoa\/wp-json\/wp\/v2\/product_cat?post=15733"},{"taxonomy":"product_tag","embeddable":true,"href":"https:\/\/expoaluminiosas.com\/expoa\/wp-json\/wp\/v2\/product_tag?post=15733"}],"curies":[{"name":"wp","href":"https:\/\/api.w.org\/{rel}","templated":true}]}}