


{"id":15738,"date":"2023-12-04T10:22:16","date_gmt":"2023-12-04T15:22:16","guid":{"rendered":"https:\/\/expoaluminiosas.com\/expoa\/producto\/gancho-frontal\/"},"modified":"2023-12-04T10:22:16","modified_gmt":"2023-12-04T15:22:16","slug":"gancho-frontal","status":"publish","type":"product","link":"https:\/\/expoaluminiosas.com\/expoa\/producto\/gancho-frontal\/","title":{"rendered":"GANCHO FRONTAL"},"content":{"rendered":"<p>El gancho frontal en combinaci\u00f3n con un cerradero permiten el cierre de los sistemas de ventana corredera.<\/p>\n","protected":false},"excerpt":{"rendered":"<p>La referencia es v\u00e1lida para los cierres de embutir TIT\u00c1N, F\u00c9NIX y DRACO. El dentado especial permite la regulaci\u00f3n m\u00e9trica del gancho. Adaptable a diferentes series, tanto tradicionales como perimetrales.<\/p>\n","protected":false},"featured_media":13577,"comment_status":"closed","ping_status":"open","template":"","meta":[],"product_cat":[1232,1233],"product_tag":[],"class_list":["post-15738","product","type-product","status-publish","has-post-thumbnail","hentry","product_cat-linea-europea","product_cat-stac","pa_referencia-st-503207"],"_links":{"self":[{"href":"https:\/\/expoaluminiosas.com\/expoa\/wp-json\/wp\/v2\/product\/15738","targetHints":{"allow":["GET"]}}],"collection":[{"href":"https:\/\/expoaluminiosas.com\/expoa\/wp-json\/wp\/v2\/product"}],"about":[{"href":"https:\/\/expoaluminiosas.com\/expoa\/wp-json\/wp\/v2\/types\/product"}],"replies":[{"embeddable":true,"href":"https:\/\/expoaluminiosas.com\/expoa\/wp-json\/wp\/v2\/comments?post=15738"}],"version-history":[{"count":1,"href":"https:\/\/expoaluminiosas.com\/expoa\/wp-json\/wp\/v2\/product\/15738\/revisions"}],"predecessor-version":[{"id":15739,"href":"https:\/\/expoaluminiosas.com\/expoa\/wp-json\/wp\/v2\/product\/15738\/revisions\/15739"}],"wp:featuredmedia":[{"embeddable":true,"href":"https:\/\/expoaluminiosas.com\/expoa\/wp-json\/wp\/v2\/media\/13577"}],"wp:attachment":[{"href":"https:\/\/expoaluminiosas.com\/expoa\/wp-json\/wp\/v2\/media?parent=15738"}],"wp:term":[{"taxonomy":"product_cat","embeddable":true,"href":"https:\/\/expoaluminiosas.com\/expoa\/wp-json\/wp\/v2\/product_cat?post=15738"},{"taxonomy":"product_tag","embeddable":true,"href":"https:\/\/expoaluminiosas.com\/expoa\/wp-json\/wp\/v2\/product_tag?post=15738"}],"curies":[{"name":"wp","href":"https:\/\/api.w.org\/{rel}","templated":true}]}}