


{"id":15754,"date":"2023-12-04T10:22:16","date_gmt":"2023-12-04T15:22:16","guid":{"rendered":"https:\/\/expoaluminiosas.com\/expoa\/producto\/compas-80-kg\/"},"modified":"2023-12-04T10:22:18","modified_gmt":"2023-12-04T15:22:18","slug":"compas-80-kg","status":"publish","type":"product","link":"https:\/\/expoaluminiosas.com\/expoa\/producto\/compas-80-kg\/","title":{"rendered":"COMPAS 80 KG"},"content":{"rendered":"<p>Juego de compases para ventanas proyectantes deslizantes.<\/p>\n","protected":false},"excerpt":{"rendered":"<p>Incorporan un pat\u00edn con regulaci\u00f3n de apriete. Para c\u00e1mara de 16\/18 mm. El comp\u00e1s 18011 tiene limitaci\u00f3n de apertura incorporada. El comp\u00e1s 18012 dispone de pletina limitadora de apertura (ref. 0518014 ) para instalar. Para hojas de altura mayor a 1000 mm se recomienda utilizar la pieza de regulaci\u00f3n en altura (ref. 18200) Para perfil de fachada con c\u00e1mara de 16\/18 mm. Los compases se suministran en juegos de 2 unidades. Consultar el cat\u00e1logo t\u00e9cnico de proyectante para m\u00e1s informaci\u00f3n.<\/p>\n","protected":false},"featured_media":13585,"comment_status":"closed","ping_status":"open","template":"","meta":[],"product_cat":[1232,1233],"product_tag":[],"class_list":["post-15754","product","type-product","status-publish","has-post-thumbnail","hentry","product_cat-linea-europea","product_cat-stac","pa_referencia-st-a18011"],"_links":{"self":[{"href":"https:\/\/expoaluminiosas.com\/expoa\/wp-json\/wp\/v2\/product\/15754","targetHints":{"allow":["GET"]}}],"collection":[{"href":"https:\/\/expoaluminiosas.com\/expoa\/wp-json\/wp\/v2\/product"}],"about":[{"href":"https:\/\/expoaluminiosas.com\/expoa\/wp-json\/wp\/v2\/types\/product"}],"replies":[{"embeddable":true,"href":"https:\/\/expoaluminiosas.com\/expoa\/wp-json\/wp\/v2\/comments?post=15754"}],"version-history":[{"count":1,"href":"https:\/\/expoaluminiosas.com\/expoa\/wp-json\/wp\/v2\/product\/15754\/revisions"}],"predecessor-version":[{"id":15755,"href":"https:\/\/expoaluminiosas.com\/expoa\/wp-json\/wp\/v2\/product\/15754\/revisions\/15755"}],"wp:featuredmedia":[{"embeddable":true,"href":"https:\/\/expoaluminiosas.com\/expoa\/wp-json\/wp\/v2\/media\/13585"}],"wp:attachment":[{"href":"https:\/\/expoaluminiosas.com\/expoa\/wp-json\/wp\/v2\/media?parent=15754"}],"wp:term":[{"taxonomy":"product_cat","embeddable":true,"href":"https:\/\/expoaluminiosas.com\/expoa\/wp-json\/wp\/v2\/product_cat?post=15754"},{"taxonomy":"product_tag","embeddable":true,"href":"https:\/\/expoaluminiosas.com\/expoa\/wp-json\/wp\/v2\/product_tag?post=15754"}],"curies":[{"name":"wp","href":"https:\/\/api.w.org\/{rel}","templated":true}]}}