


{"id":15763,"date":"2023-12-04T10:22:16","date_gmt":"2023-12-04T15:22:16","guid":{"rendered":"https:\/\/expoaluminiosas.com\/expoa\/producto\/pletina-falleba\/"},"modified":"2024-02-06T12:59:23","modified_gmt":"2024-02-06T17:59:23","slug":"pletina-falleba","status":"publish","type":"product","link":"https:\/\/expoaluminiosas.com\/expoa\/producto\/pletina-falleba\/","title":{"rendered":"PLETINA FALLEBA"},"content":{"rendered":"<p>Falleba de transmisi\u00f3n de PVC para perfiles de Canal Europeo.<\/p>\n","protected":false},"excerpt":{"rendered":"<p>Dise\u00f1ada para permitir un deslizamiento suaves a trav\u00e9s del canal del perfil. Corte y mecanizado a medida a trav\u00e9s de las troqueladoras TFS. Permiten instalar puntos de cierre adicionales a medida. No se recomienda el uso de la falleba de transmisi\u00f3n con los remaches: 0511088 ni 0517002.<\/p>\n","protected":false},"featured_media":13590,"comment_status":"closed","ping_status":"closed","template":"","meta":[],"product_cat":[1232,1233],"product_tag":[],"class_list":["post-15763","product","type-product","status-publish","has-post-thumbnail","hentry","product_cat-linea-europea","product_cat-stac","product_shipping_class-liviano","pa_referencia-st-059238"],"_links":{"self":[{"href":"https:\/\/expoaluminiosas.com\/expoa\/wp-json\/wp\/v2\/product\/15763","targetHints":{"allow":["GET"]}}],"collection":[{"href":"https:\/\/expoaluminiosas.com\/expoa\/wp-json\/wp\/v2\/product"}],"about":[{"href":"https:\/\/expoaluminiosas.com\/expoa\/wp-json\/wp\/v2\/types\/product"}],"replies":[{"embeddable":true,"href":"https:\/\/expoaluminiosas.com\/expoa\/wp-json\/wp\/v2\/comments?post=15763"}],"version-history":[{"count":1,"href":"https:\/\/expoaluminiosas.com\/expoa\/wp-json\/wp\/v2\/product\/15763\/revisions"}],"predecessor-version":[{"id":15764,"href":"https:\/\/expoaluminiosas.com\/expoa\/wp-json\/wp\/v2\/product\/15763\/revisions\/15764"}],"wp:featuredmedia":[{"embeddable":true,"href":"https:\/\/expoaluminiosas.com\/expoa\/wp-json\/wp\/v2\/media\/13590"}],"wp:attachment":[{"href":"https:\/\/expoaluminiosas.com\/expoa\/wp-json\/wp\/v2\/media?parent=15763"}],"wp:term":[{"taxonomy":"product_cat","embeddable":true,"href":"https:\/\/expoaluminiosas.com\/expoa\/wp-json\/wp\/v2\/product_cat?post=15763"},{"taxonomy":"product_tag","embeddable":true,"href":"https:\/\/expoaluminiosas.com\/expoa\/wp-json\/wp\/v2\/product_tag?post=15763"}],"curies":[{"name":"wp","href":"https:\/\/api.w.org\/{rel}","templated":true}]}}